{"id":1516,"date":"2024-03-08T15:42:40","date_gmt":"2024-03-08T15:42:40","guid":{"rendered":"https:\/\/cp2024.bemvindo.co\/contato\/"},"modified":"2024-03-26T09:42:51","modified_gmt":"2024-03-26T09:42:51","slug":"contacto","status":"publish","type":"page","link":"https:\/\/comunidadeeducativa.org\/es\/contacto\/","title":{"rendered":"Contacto"},"content":{"rendered":"\n<p>Si est\u00e1 interesado en la Comunidad de Pr\u00e1ctica, por favor cont\u00e1ctenos: <a href=\"mailto:praticacomum@gmail.com\" target=\"_blank\" rel=\"noreferrer noopener\">praticacomum@gmail.com<\/a><\/p>\n","protected":false},"excerpt":{"rendered":"<p>Si est\u00e1 interesado en la Comunidad de Pr\u00e1ctica, por favor cont\u00e1ctenos: praticacomum@gmail.com<\/p>\n","protected":false},"author":1,"featured_media":0,"parent":0,"menu_order":0,"comment_status":"closed","ping_status":"closed","template":"","meta":{"_eb_attr":"","inline_featured_image":false,"footnotes":""},"class_list":["post-1516","page","type-page","status-publish","hentry"],"blocksy_meta":{"page_structure_type":"type-3","styles_descriptor":{"styles":{"desktop":"","tablet":"","mobile":""},"google_fonts":[],"version":6}},"yoast_head":"<!-- This site is optimized with the Yoast SEO plugin v24.7 - https:\/\/yoast.com\/wordpress\/plugins\/seo\/ -->\n<title>Contacto - Comunidade de Pr\u00e1tica<\/title>\n<meta name=\"robots\" content=\"index, follow, max-snippet:-1, max-image-preview:large, max-video-preview:-1\" \/>\n<link rel=\"canonical\" href=\"https:\/\/comunidadeeducativa.org\/contato\/\" \/>\n<meta property=\"og:locale\" content=\"es_ES\" \/>\n<meta property=\"og:type\" content=\"article\" \/>\n<meta property=\"og:title\" content=\"Contacto - Comunidade de Pr\u00e1tica\" \/>\n<meta property=\"og:description\" content=\"Si est\u00e1 interesado en la Comunidad de Pr\u00e1ctica, por favor cont\u00e1ctenos: praticacomum@gmail.com\" \/>\n<meta property=\"og:url\" content=\"https:\/\/comunidadeeducativa.org\/contato\/\" \/>\n<meta property=\"og:site_name\" content=\"Comunidade de Pr\u00e1tica\" \/>\n<meta property=\"article:modified_time\" content=\"2024-03-26T09:42:51+00:00\" \/>\n<meta name=\"twitter:card\" content=\"summary_large_image\" \/>\n<script type=\"application\/ld+json\" class=\"yoast-schema-graph\">{\"@context\":\"https:\/\/schema.org\",\"@graph\":[{\"@type\":\"WebPage\",\"@id\":\"https:\/\/comunidadeeducativa.org\/contato\/\",\"url\":\"https:\/\/comunidadeeducativa.org\/contato\/\",\"name\":\"Contacto - Comunidade de Pr\u00e1tica\",\"isPartOf\":{\"@id\":\"https:\/\/comunidadeeducativa.org\/#website\"},\"datePublished\":\"2024-03-08T15:42:40+00:00\",\"dateModified\":\"2024-03-26T09:42:51+00:00\",\"breadcrumb\":{\"@id\":\"https:\/\/comunidadeeducativa.org\/contato\/#breadcrumb\"},\"inLanguage\":\"es\",\"potentialAction\":[{\"@type\":\"ReadAction\",\"target\":[\"https:\/\/comunidadeeducativa.org\/contato\/\"]}]},{\"@type\":\"BreadcrumbList\",\"@id\":\"https:\/\/comunidadeeducativa.org\/contato\/#breadcrumb\",\"itemListElement\":[{\"@type\":\"ListItem\",\"position\":1,\"name\":\"In\u00edcio\",\"item\":\"https:\/\/comunidadeeducativa.org\/es\/\"},{\"@type\":\"ListItem\",\"position\":2,\"name\":\"Contacto\"}]},{\"@type\":\"WebSite\",\"@id\":\"https:\/\/comunidadeeducativa.org\/#website\",\"url\":\"https:\/\/comunidadeeducativa.org\/\",\"name\":\"Comunidade de Pr\u00e1tica\",\"description\":\"Desenvolvimento Integral e Educa\u00e7\u00e3o Intercultural na Am\u00e9rica Latina\",\"publisher\":{\"@id\":\"https:\/\/comunidadeeducativa.org\/#organization\"},\"potentialAction\":[{\"@type\":\"SearchAction\",\"target\":{\"@type\":\"EntryPoint\",\"urlTemplate\":\"https:\/\/comunidadeeducativa.org\/?s={search_term_string}\"},\"query-input\":{\"@type\":\"PropertyValueSpecification\",\"valueRequired\":true,\"valueName\":\"search_term_string\"}}],\"inLanguage\":\"es\"},{\"@type\":\"Organization\",\"@id\":\"https:\/\/comunidadeeducativa.org\/#organization\",\"name\":\"Comunidade de Pr\u00e1tica\",\"url\":\"https:\/\/comunidadeeducativa.org\/\",\"logo\":{\"@type\":\"ImageObject\",\"inLanguage\":\"es\",\"@id\":\"https:\/\/comunidadeeducativa.org\/#\/schema\/logo\/image\/\",\"url\":\"http:\/\/comunidadeeducativa.org\/wp-content\/uploads\/2024\/03\/LogoPT-Mata.svg\",\"contentUrl\":\"http:\/\/comunidadeeducativa.org\/wp-content\/uploads\/2024\/03\/LogoPT-Mata.svg\",\"width\":896,\"height\":338,\"caption\":\"Comunidade de Pr\u00e1tica\"},\"image\":{\"@id\":\"https:\/\/comunidadeeducativa.org\/#\/schema\/logo\/image\/\"}}]}<\/script>\n<!-- \/ Yoast SEO plugin. -->","yoast_head_json":{"title":"Contacto - Comunidade de Pr\u00e1tica","robots":{"index":"index","follow":"follow","max-snippet":"max-snippet:-1","max-image-preview":"max-image-preview:large","max-video-preview":"max-video-preview:-1"},"canonical":"https:\/\/comunidadeeducativa.org\/contato\/","og_locale":"es_ES","og_type":"article","og_title":"Contacto - Comunidade de Pr\u00e1tica","og_description":"Si est\u00e1 interesado en la Comunidad de Pr\u00e1ctica, por favor cont\u00e1ctenos: praticacomum@gmail.com","og_url":"https:\/\/comunidadeeducativa.org\/contato\/","og_site_name":"Comunidade de Pr\u00e1tica","article_modified_time":"2024-03-26T09:42:51+00:00","twitter_card":"summary_large_image","schema":{"@context":"https:\/\/schema.org","@graph":[{"@type":"WebPage","@id":"https:\/\/comunidadeeducativa.org\/contato\/","url":"https:\/\/comunidadeeducativa.org\/contato\/","name":"Contacto - Comunidade de Pr\u00e1tica","isPartOf":{"@id":"https:\/\/comunidadeeducativa.org\/#website"},"datePublished":"2024-03-08T15:42:40+00:00","dateModified":"2024-03-26T09:42:51+00:00","breadcrumb":{"@id":"https:\/\/comunidadeeducativa.org\/contato\/#breadcrumb"},"inLanguage":"es","potentialAction":[{"@type":"ReadAction","target":["https:\/\/comunidadeeducativa.org\/contato\/"]}]},{"@type":"BreadcrumbList","@id":"https:\/\/comunidadeeducativa.org\/contato\/#breadcrumb","itemListElement":[{"@type":"ListItem","position":1,"name":"In\u00edcio","item":"https:\/\/comunidadeeducativa.org\/es\/"},{"@type":"ListItem","position":2,"name":"Contacto"}]},{"@type":"WebSite","@id":"https:\/\/comunidadeeducativa.org\/#website","url":"https:\/\/comunidadeeducativa.org\/","name":"Comunidade de Pr\u00e1tica","description":"Desenvolvimento Integral e Educa\u00e7\u00e3o Intercultural na Am\u00e9rica Latina","publisher":{"@id":"https:\/\/comunidadeeducativa.org\/#organization"},"potentialAction":[{"@type":"SearchAction","target":{"@type":"EntryPoint","urlTemplate":"https:\/\/comunidadeeducativa.org\/?s={search_term_string}"},"query-input":{"@type":"PropertyValueSpecification","valueRequired":true,"valueName":"search_term_string"}}],"inLanguage":"es"},{"@type":"Organization","@id":"https:\/\/comunidadeeducativa.org\/#organization","name":"Comunidade de Pr\u00e1tica","url":"https:\/\/comunidadeeducativa.org\/","logo":{"@type":"ImageObject","inLanguage":"es","@id":"https:\/\/comunidadeeducativa.org\/#\/schema\/logo\/image\/","url":"http:\/\/comunidadeeducativa.org\/wp-content\/uploads\/2024\/03\/LogoPT-Mata.svg","contentUrl":"http:\/\/comunidadeeducativa.org\/wp-content\/uploads\/2024\/03\/LogoPT-Mata.svg","width":896,"height":338,"caption":"Comunidade de Pr\u00e1tica"},"image":{"@id":"https:\/\/comunidadeeducativa.org\/#\/schema\/logo\/image\/"}}]}},"_links":{"self":[{"href":"https:\/\/comunidadeeducativa.org\/es\/wp-json\/wp\/v2\/pages\/1516","targetHints":{"allow":["GET"]}}],"collection":[{"href":"https:\/\/comunidadeeducativa.org\/es\/wp-json\/wp\/v2\/pages"}],"about":[{"href":"https:\/\/comunidadeeducativa.org\/es\/wp-json\/wp\/v2\/types\/page"}],"author":[{"embeddable":true,"href":"https:\/\/comunidadeeducativa.org\/es\/wp-json\/wp\/v2\/users\/1"}],"replies":[{"embeddable":true,"href":"https:\/\/comunidadeeducativa.org\/es\/wp-json\/wp\/v2\/comments?post=1516"}],"version-history":[{"count":2,"href":"https:\/\/comunidadeeducativa.org\/es\/wp-json\/wp\/v2\/pages\/1516\/revisions"}],"predecessor-version":[{"id":1614,"href":"https:\/\/comunidadeeducativa.org\/es\/wp-json\/wp\/v2\/pages\/1516\/revisions\/1614"}],"wp:attachment":[{"href":"https:\/\/comunidadeeducativa.org\/es\/wp-json\/wp\/v2\/media?parent=1516"}],"curies":[{"name":"wp","href":"https:\/\/api.w.org\/{rel}","templated":true}]}}