{"id":1518,"date":"2024-03-08T15:41:32","date_gmt":"2024-03-08T15:41:32","guid":{"rendered":"https:\/\/cp2024.bemvindo.co\/mapa-das-experiencias\/"},"modified":"2024-04-03T20:57:21","modified_gmt":"2024-04-03T20:57:21","slug":"mapa-de-las-experiencias-educativas","status":"publish","type":"page","link":"https:\/\/comunidadeeducativa.org\/es\/mapa-de-las-experiencias-educativas\/","title":{"rendered":"Mapa de las Experiencias Educativas"},"content":{"rendered":"\n<p>El mapa de experiencias educativas inspiradoras en Desarrollo Integral y Educaci\u00f3n Intercultural en Am\u00e9rica Latina procura reunir las iniciativas presentadas durante los encuentros realizados en el primer a\u00f1o de actividades de la Comunidad de Pr\u00e1ctica, bajo el liderazgo del Flacso Brasil. El mapa tiene el objetivo de dar visibilidad a las iniciativas promovidas por docentes y profesionales de la educaci\u00f3n en escuelas y comunidades en \u00e1reas rurales de Brasil, Colombia y Per\u00fa. Se trata de experiencias creativas que respondieron a los desaf\u00edos impuestos por la Pandemia del Covid-19 en \u00e1reas con dificultad de conectividad donde la ense\u00f1anza remota no fue siempre viable.&nbsp;&nbsp;<\/p>\n\n\n\n<p>Los nombres de las experiencias educativas est\u00e1n en el idioma del pa\u00eds donde se desarrollan y la descripci\u00f3n es biling\u00fce.<\/p>\n\n\n\n<div class=\"wp-block-stackable-spacer stk-block-spacer stk--no-padding stk-block stk-5f8c585\" data-block-id=\"5f8c585\"><\/div>\n\n\n\n<div class=\"wp-block-stackable-columns alignfull stk-block-columns stk-block stk-1603da8\" data-block-id=\"1603da8\"><div class=\"stk-row stk-inner-blocks stk-block-content stk-content-align stk-1603da8-column alignfull\">\n<div class=\"wp-block-stackable-column stk-block-column stk-column stk-block stk-de93d3a\" data-v=\"4\" data-block-id=\"de93d3a\"><div class=\"stk-column-wrapper stk-block-column__content stk-container stk-de93d3a-container stk--no-background stk--no-padding\"><div class=\"stk-block-content stk-inner-blocks stk-de93d3a-inner-blocks\"><div id=\"mapsvg-548\" data-map-id=\"548\" class=\"mapsvg\"><\/div>\n<\/div><\/div><\/div>\n<\/div><\/div>\n","protected":false},"excerpt":{"rendered":"<p>El mapa de experiencias educativas inspiradoras en Desarrollo Integral y Educaci\u00f3n Intercultural en Am\u00e9rica Latina procura reunir las iniciativas presentadas durante los encuentros realizados en el primer a\u00f1o de actividades de la Comunidad de Pr\u00e1ctica, bajo el liderazgo del Flacso Brasil. El mapa tiene el objetivo de dar visibilidad a las iniciativas promovidas por docentes [&hellip;]<\/p>\n","protected":false},"author":1,"featured_media":0,"parent":0,"menu_order":0,"comment_status":"closed","ping_status":"closed","template":"","meta":{"_eb_attr":"","inline_featured_image":false,"footnotes":""},"class_list":["post-1518","page","type-page","status-publish","hentry"],"blocksy_meta":{"page_structure_type":"type-3","styles_descriptor":{"styles":{"desktop":"","tablet":"","mobile":""},"google_fonts":[],"version":6}},"yoast_head":"<!-- This site is optimized with the Yoast SEO plugin v24.7 - https:\/\/yoast.com\/wordpress\/plugins\/seo\/ -->\n<title>Mapa de las Experiencias Educativas - Comunidade de Pr\u00e1tica<\/title>\n<meta name=\"robots\" content=\"index, follow, max-snippet:-1, max-image-preview:large, max-video-preview:-1\" \/>\n<link rel=\"canonical\" href=\"https:\/\/comunidadeeducativa.org\/es\/mapa-de-las-experiencias-educativas\/\" \/>\n<meta property=\"og:locale\" content=\"es_ES\" \/>\n<meta property=\"og:type\" content=\"article\" \/>\n<meta property=\"og:title\" content=\"Mapa de las Experiencias Educativas - Comunidade de Pr\u00e1tica\" \/>\n<meta property=\"og:description\" content=\"El mapa de experiencias educativas inspiradoras en Desarrollo Integral y Educaci\u00f3n Intercultural en Am\u00e9rica Latina procura reunir las iniciativas presentadas durante los encuentros realizados en el primer a\u00f1o de actividades de la Comunidad de Pr\u00e1ctica, bajo el liderazgo del Flacso Brasil. El mapa tiene el objetivo de dar visibilidad a las iniciativas promovidas por docentes [&hellip;]\" \/>\n<meta property=\"og:url\" content=\"https:\/\/comunidadeeducativa.org\/es\/mapa-de-las-experiencias-educativas\/\" \/>\n<meta property=\"og:site_name\" content=\"Comunidade de Pr\u00e1tica\" \/>\n<meta property=\"article:modified_time\" content=\"2024-04-03T20:57:21+00:00\" \/>\n<meta name=\"twitter:card\" content=\"summary_large_image\" \/>\n<meta name=\"twitter:label1\" content=\"Tiempo de lectura\" \/>\n\t<meta name=\"twitter:data1\" content=\"1 minuto\" \/>\n<script type=\"application\/ld+json\" class=\"yoast-schema-graph\">{\"@context\":\"https:\/\/schema.org\",\"@graph\":[{\"@type\":\"WebPage\",\"@id\":\"https:\/\/comunidadeeducativa.org\/es\/mapa-de-las-experiencias-educativas\/\",\"url\":\"https:\/\/comunidadeeducativa.org\/es\/mapa-de-las-experiencias-educativas\/\",\"name\":\"Mapa de las Experiencias Educativas - Comunidade de Pr\u00e1tica\",\"isPartOf\":{\"@id\":\"https:\/\/comunidadeeducativa.org\/#website\"},\"datePublished\":\"2024-03-08T15:41:32+00:00\",\"dateModified\":\"2024-04-03T20:57:21+00:00\",\"breadcrumb\":{\"@id\":\"https:\/\/comunidadeeducativa.org\/es\/mapa-de-las-experiencias-educativas\/#breadcrumb\"},\"inLanguage\":\"es\",\"potentialAction\":[{\"@type\":\"ReadAction\",\"target\":[\"https:\/\/comunidadeeducativa.org\/es\/mapa-de-las-experiencias-educativas\/\"]}]},{\"@type\":\"BreadcrumbList\",\"@id\":\"https:\/\/comunidadeeducativa.org\/es\/mapa-de-las-experiencias-educativas\/#breadcrumb\",\"itemListElement\":[{\"@type\":\"ListItem\",\"position\":1,\"name\":\"In\u00edcio\",\"item\":\"https:\/\/comunidadeeducativa.org\/es\/\"},{\"@type\":\"ListItem\",\"position\":2,\"name\":\"Mapa de las Experiencias Educativas\"}]},{\"@type\":\"WebSite\",\"@id\":\"https:\/\/comunidadeeducativa.org\/#website\",\"url\":\"https:\/\/comunidadeeducativa.org\/\",\"name\":\"Comunidade de Pr\u00e1tica\",\"description\":\"Desenvolvimento Integral e Educa\u00e7\u00e3o Intercultural na Am\u00e9rica Latina\",\"publisher\":{\"@id\":\"https:\/\/comunidadeeducativa.org\/#organization\"},\"potentialAction\":[{\"@type\":\"SearchAction\",\"target\":{\"@type\":\"EntryPoint\",\"urlTemplate\":\"https:\/\/comunidadeeducativa.org\/?s={search_term_string}\"},\"query-input\":{\"@type\":\"PropertyValueSpecification\",\"valueRequired\":true,\"valueName\":\"search_term_string\"}}],\"inLanguage\":\"es\"},{\"@type\":\"Organization\",\"@id\":\"https:\/\/comunidadeeducativa.org\/#organization\",\"name\":\"Comunidade de Pr\u00e1tica\",\"url\":\"https:\/\/comunidadeeducativa.org\/\",\"logo\":{\"@type\":\"ImageObject\",\"inLanguage\":\"es\",\"@id\":\"https:\/\/comunidadeeducativa.org\/#\/schema\/logo\/image\/\",\"url\":\"http:\/\/comunidadeeducativa.org\/wp-content\/uploads\/2024\/03\/LogoPT-Mata.svg\",\"contentUrl\":\"http:\/\/comunidadeeducativa.org\/wp-content\/uploads\/2024\/03\/LogoPT-Mata.svg\",\"width\":896,\"height\":338,\"caption\":\"Comunidade de Pr\u00e1tica\"},\"image\":{\"@id\":\"https:\/\/comunidadeeducativa.org\/#\/schema\/logo\/image\/\"}}]}<\/script>\n<!-- \/ Yoast SEO plugin. -->","yoast_head_json":{"title":"Mapa de las Experiencias Educativas - Comunidade de Pr\u00e1tica","robots":{"index":"index","follow":"follow","max-snippet":"max-snippet:-1","max-image-preview":"max-image-preview:large","max-video-preview":"max-video-preview:-1"},"canonical":"https:\/\/comunidadeeducativa.org\/es\/mapa-de-las-experiencias-educativas\/","og_locale":"es_ES","og_type":"article","og_title":"Mapa de las Experiencias Educativas - Comunidade de Pr\u00e1tica","og_description":"El mapa de experiencias educativas inspiradoras en Desarrollo Integral y Educaci\u00f3n Intercultural en Am\u00e9rica Latina procura reunir las iniciativas presentadas durante los encuentros realizados en el primer a\u00f1o de actividades de la Comunidad de Pr\u00e1ctica, bajo el liderazgo del Flacso Brasil. El mapa tiene el objetivo de dar visibilidad a las iniciativas promovidas por docentes [&hellip;]","og_url":"https:\/\/comunidadeeducativa.org\/es\/mapa-de-las-experiencias-educativas\/","og_site_name":"Comunidade de Pr\u00e1tica","article_modified_time":"2024-04-03T20:57:21+00:00","twitter_card":"summary_large_image","twitter_misc":{"Tiempo de lectura":"1 minuto"},"schema":{"@context":"https:\/\/schema.org","@graph":[{"@type":"WebPage","@id":"https:\/\/comunidadeeducativa.org\/es\/mapa-de-las-experiencias-educativas\/","url":"https:\/\/comunidadeeducativa.org\/es\/mapa-de-las-experiencias-educativas\/","name":"Mapa de las Experiencias Educativas - Comunidade de Pr\u00e1tica","isPartOf":{"@id":"https:\/\/comunidadeeducativa.org\/#website"},"datePublished":"2024-03-08T15:41:32+00:00","dateModified":"2024-04-03T20:57:21+00:00","breadcrumb":{"@id":"https:\/\/comunidadeeducativa.org\/es\/mapa-de-las-experiencias-educativas\/#breadcrumb"},"inLanguage":"es","potentialAction":[{"@type":"ReadAction","target":["https:\/\/comunidadeeducativa.org\/es\/mapa-de-las-experiencias-educativas\/"]}]},{"@type":"BreadcrumbList","@id":"https:\/\/comunidadeeducativa.org\/es\/mapa-de-las-experiencias-educativas\/#breadcrumb","itemListElement":[{"@type":"ListItem","position":1,"name":"In\u00edcio","item":"https:\/\/comunidadeeducativa.org\/es\/"},{"@type":"ListItem","position":2,"name":"Mapa de las Experiencias Educativas"}]},{"@type":"WebSite","@id":"https:\/\/comunidadeeducativa.org\/#website","url":"https:\/\/comunidadeeducativa.org\/","name":"Comunidade de Pr\u00e1tica","description":"Desenvolvimento Integral e Educa\u00e7\u00e3o Intercultural na Am\u00e9rica Latina","publisher":{"@id":"https:\/\/comunidadeeducativa.org\/#organization"},"potentialAction":[{"@type":"SearchAction","target":{"@type":"EntryPoint","urlTemplate":"https:\/\/comunidadeeducativa.org\/?s={search_term_string}"},"query-input":{"@type":"PropertyValueSpecification","valueRequired":true,"valueName":"search_term_string"}}],"inLanguage":"es"},{"@type":"Organization","@id":"https:\/\/comunidadeeducativa.org\/#organization","name":"Comunidade de Pr\u00e1tica","url":"https:\/\/comunidadeeducativa.org\/","logo":{"@type":"ImageObject","inLanguage":"es","@id":"https:\/\/comunidadeeducativa.org\/#\/schema\/logo\/image\/","url":"http:\/\/comunidadeeducativa.org\/wp-content\/uploads\/2024\/03\/LogoPT-Mata.svg","contentUrl":"http:\/\/comunidadeeducativa.org\/wp-content\/uploads\/2024\/03\/LogoPT-Mata.svg","width":896,"height":338,"caption":"Comunidade de Pr\u00e1tica"},"image":{"@id":"https:\/\/comunidadeeducativa.org\/#\/schema\/logo\/image\/"}}]}},"_links":{"self":[{"href":"https:\/\/comunidadeeducativa.org\/es\/wp-json\/wp\/v2\/pages\/1518","targetHints":{"allow":["GET"]}}],"collection":[{"href":"https:\/\/comunidadeeducativa.org\/es\/wp-json\/wp\/v2\/pages"}],"about":[{"href":"https:\/\/comunidadeeducativa.org\/es\/wp-json\/wp\/v2\/types\/page"}],"author":[{"embeddable":true,"href":"https:\/\/comunidadeeducativa.org\/es\/wp-json\/wp\/v2\/users\/1"}],"replies":[{"embeddable":true,"href":"https:\/\/comunidadeeducativa.org\/es\/wp-json\/wp\/v2\/comments?post=1518"}],"version-history":[{"count":5,"href":"https:\/\/comunidadeeducativa.org\/es\/wp-json\/wp\/v2\/pages\/1518\/revisions"}],"predecessor-version":[{"id":1974,"href":"https:\/\/comunidadeeducativa.org\/es\/wp-json\/wp\/v2\/pages\/1518\/revisions\/1974"}],"wp:attachment":[{"href":"https:\/\/comunidadeeducativa.org\/es\/wp-json\/wp\/v2\/media?parent=1518"}],"curies":[{"name":"wp","href":"https:\/\/api.w.org\/{rel}","templated":true}]}}