{"id":1521,"date":"2024-03-08T15:37:17","date_gmt":"2024-03-08T15:37:17","guid":{"rendered":"https:\/\/cp2024.bemvindo.co\/metodologia\/"},"modified":"2024-04-03T20:47:11","modified_gmt":"2024-04-03T20:47:11","slug":"metodologia","status":"publish","type":"page","link":"https:\/\/comunidadeeducativa.org\/es\/la-comunidad\/metodologia\/","title":{"rendered":"Metodolog\u00eda"},"content":{"rendered":"\n<p>Los socios participantes de la Comunidad de Pr\u00e1ctica se re\u00fanen mensualmente en encuentros virtuales para realizar debates y formaci\u00f3n basado en el intercambio de experiencias, la escucha activa de docentes, estudiantes y directivos y el conocimiento de los marcos institucionales de cada pa\u00eds, entre otros temas.<\/p>\n\n\n\n<div class=\"wp-block-stackable-columns stk-block-columns stk-block stk-ed56331\" data-block-id=\"ed56331\"><style>.stk-ed56331-column{--stk-column-gap:30px !important}<\/style><div class=\"stk-row stk-inner-blocks stk-block-content stk-content-align stk-ed56331-column\">\n<div class=\"wp-block-stackable-column stk-block-column stk-column stk-block stk-15d37cb stk-block-background\" data-v=\"4\" data-block-id=\"15d37cb\"><style>.stk-15d37cb{background-color:var(--theme-palette-color-3,#1F766B) !important}.stk-15d37cb:before{background-color:var(--theme-palette-color-3,#1F766B) !important}<\/style><div class=\"stk-column-wrapper stk-block-column__content stk-container stk-15d37cb-container stk--no-background stk--no-padding\"><div class=\"stk-block-content stk-inner-blocks stk-15d37cb-inner-blocks\">\n<div class=\"wp-block-stackable-heading stk-block-heading stk-block-heading--v2 stk-block stk-cfaf950\" id=\"strong-covid-19-strong-respuestas-educativas-a-la-emergencia-sanitaria-nacional\" data-block-id=\"cfaf950\"><style>.stk-cfaf950{margin-bottom:12px !important}.stk-cfaf950 .stk-block-heading__text{color:var(--theme-palette-color-8,#FDFFF4) !important}<\/style><h3 class=\"stk-block-heading__text has-text-color\"><strong>COVID-19<\/strong> : Respuestas educativas a la emergencia sanitaria nacional<\/h3><\/div>\n\n\n\n<div class=\"wp-block-stackable-button-group stk-block-button-group stk-block stk-29a6b7a\" data-block-id=\"29a6b7a\"><div class=\"stk-row stk-inner-blocks stk-block-content stk-button-group\">\n<div class=\"wp-block-stackable-button stk-block-button is-style-ghost stk-block stk-5f30b56\" data-block-id=\"5f30b56\"><style>.stk-5f30b56 .stk-button{background:var(--theme-palette-color-8,#FDFFF4) !important}.stk-5f30b56 .stk-button:hover:after{background:transparent !important;opacity:1 !important}:where(.stk-hover-parent:hover,.stk-hover-parent.stk--is-hovered) .stk-5f30b56 .stk-button:after{background:transparent !important;opacity:1 !important}.stk-5f30b56 .stk-button:before{border-style:solid !important}<\/style><a class=\"stk-link stk-button stk--hover-effect-darken\" href=\"https:\/\/comunidadeeducativa.org\/es\/aprendizajes\/covid-19\/\"><span class=\"stk-button__inner-text\">Sepa mas<\/span><\/a><\/div>\n<\/div><\/div>\n<\/div><\/div><\/div>\n\n\n\n<div class=\"wp-block-stackable-column stk-block-column stk-column stk-block stk-a5d0bae stk-block-background\" data-v=\"4\" data-block-id=\"a5d0bae\"><style>.stk-a5d0bae{background-color:var(--theme-palette-color-3,#1F766B) !important}.stk-a5d0bae:before{background-color:var(--theme-palette-color-3,#1F766B) !important}<\/style><div class=\"stk-column-wrapper stk-block-column__content stk-container stk-a5d0bae-container stk--no-background stk--no-padding\"><div class=\"stk-block-content stk-inner-blocks stk-a5d0bae-inner-blocks\">\n<div class=\"wp-block-stackable-heading stk-block-heading stk-block-heading--v2 stk-block stk-08d1e56\" id=\"construccion-de-politicas-educativas-adecuadas-a-los-contextos-rurales\" data-block-id=\"08d1e56\"><style>.stk-08d1e56{margin-bottom:12px !important}.stk-08d1e56 .stk-block-heading__text{color:var(--theme-palette-color-8,#FDFFF4) !important}<\/style><h3 class=\"stk-block-heading__text has-text-color\">Construcci\u00f3n de pol\u00edticas educativas adecuadas a los contextos rurales<\/h3><\/div>\n\n\n\n<div class=\"wp-block-stackable-button-group stk-block-button-group stk-block stk-b3a74d0\" data-block-id=\"b3a74d0\"><div class=\"stk-row stk-inner-blocks stk-block-content stk-button-group\">\n<div class=\"wp-block-stackable-button stk-block-button is-style-ghost stk-block stk-c352c08\" data-block-id=\"c352c08\"><style>.stk-c352c08 .stk-button{background:var(--theme-palette-color-8,#FDFFF4) !important}.stk-c352c08 .stk-button:hover:after{background:var(--theme-palette-color-8,#FDFFF4) !important;opacity:1 !important}:where(.stk-hover-parent:hover,.stk-hover-parent.stk--is-hovered) .stk-c352c08 .stk-button:after{background:transparent !important;opacity:1 !important}.stk-c352c08 .stk-button:before{border-style:solid !important}<\/style><a class=\"stk-link stk-button stk--hover-effect-darken\" href=\"https:\/\/comunidadeeducativa.org\/es\/aprendizajes\/politicas-educacionais\/\"><span class=\"stk-button__inner-text\">Sepa mas<\/span><\/a><\/div>\n<\/div><\/div>\n<\/div><\/div><\/div>\n<\/div><\/div>\n\n\n\n<p>Adem\u00e1s, se realizan encuentros de Plenarias cada tres meses para discutir temas de inter\u00e9s com\u00fan para los socios en el contexto del Desarrollo Integral y la Educaci\u00f3n Intercultural a trav\u00e9s de conferencias impartidas por expertos en los tres pa\u00edses participantes, Brasil, Colombia y Per\u00fa. Nuestro principio de trabajo es colaborativo y los socios ponen a disposici\u00f3n toda la informaci\u00f3n compartida.<\/p>\n\n\n\n<div class=\"wp-block-stackable-image stk-block-image stk-block stk-2c6c898\" data-block-id=\"2c6c898\"><figure><span class=\"stk-img-wrapper stk-image--shape-stretch\"><img decoding=\"async\" class=\"stk-img wp-image-1418 lazyload\" data-src=\"http:\/\/comunidadeeducativa.org\/wp-content\/uploads\/2024\/03\/WhatsApp-Image-2022-08-15-at-17.27.33-12.jpg\" width=\"1280\" height=\"840\" alt=\"Comunidade Educativa CEDAC. Brasil \u2013 Alvar\u00e3es, Amazonas\" data-srcset=\"https:\/\/comunidadeeducativa.org\/wp-content\/uploads\/2024\/03\/WhatsApp-Image-2022-08-15-at-17.27.33-12.jpg 1280w, https:\/\/comunidadeeducativa.org\/wp-content\/uploads\/2024\/03\/WhatsApp-Image-2022-08-15-at-17.27.33-12-300x197.jpg 300w, https:\/\/comunidadeeducativa.org\/wp-content\/uploads\/2024\/03\/WhatsApp-Image-2022-08-15-at-17.27.33-12-1024x672.jpg 1024w, https:\/\/comunidadeeducativa.org\/wp-content\/uploads\/2024\/03\/WhatsApp-Image-2022-08-15-at-17.27.33-12-768x504.jpg 768w\" data-sizes=\"auto, (max-width: 1280px) 100vw, 1280px\" src=\"data:image\/gif;base64,R0lGODlhAQABAAAAACH5BAEKAAEALAAAAAABAAEAAAICTAEAOw==\" style=\"--smush-placeholder-width: 1280px; --smush-placeholder-aspect-ratio: 1280\/840;\" \/><\/span><figcaption class=\"stk-img-figcaption\">Comunidad Educativa CEDAC. Brasil &#8211; Alvar\u00e3es, Amazonas<\/figcaption><\/figure><\/div>\n","protected":false},"excerpt":{"rendered":"<p>Los socios participantes de la Comunidad de Pr\u00e1ctica se re\u00fanen mensualmente en encuentros virtuales para realizar debates y formaci\u00f3n basado en el intercambio de experiencias, la escucha activa de docentes, estudiantes y directivos y el conocimiento de los marcos institucionales de cada pa\u00eds, entre otros temas. COVID-19 : Respuestas educativas a la emergencia sanitaria nacional [&hellip;]<\/p>\n","protected":false},"author":1,"featured_media":0,"parent":1522,"menu_order":0,"comment_status":"closed","ping_status":"closed","template":"","meta":{"_eb_attr":"","inline_featured_image":false,"footnotes":""},"class_list":["post-1521","page","type-page","status-publish","hentry"],"blocksy_meta":{"page_structure_type":"type-3","styles_descriptor":{"styles":{"desktop":"","tablet":"","mobile":""},"google_fonts":[],"version":6}},"yoast_head":"<!-- This site is optimized with the Yoast SEO plugin v24.7 - https:\/\/yoast.com\/wordpress\/plugins\/seo\/ -->\n<title>Metodolog\u00eda - Comunidade de Pr\u00e1tica<\/title>\n<meta name=\"robots\" content=\"index, follow, max-snippet:-1, max-image-preview:large, max-video-preview:-1\" \/>\n<link rel=\"canonical\" href=\"https:\/\/comunidadeeducativa.org\/a-comunidade\/metodologia\/\" \/>\n<meta property=\"og:locale\" content=\"es_ES\" \/>\n<meta property=\"og:type\" content=\"article\" \/>\n<meta property=\"og:title\" content=\"Metodolog\u00eda - Comunidade de Pr\u00e1tica\" \/>\n<meta property=\"og:description\" content=\"Los socios participantes de la Comunidad de Pr\u00e1ctica se re\u00fanen mensualmente en encuentros virtuales para realizar debates y formaci\u00f3n basado en el intercambio de experiencias, la escucha activa de docentes, estudiantes y directivos y el conocimiento de los marcos institucionales de cada pa\u00eds, entre otros temas. COVID-19 : Respuestas educativas a la emergencia sanitaria nacional [&hellip;]\" \/>\n<meta property=\"og:url\" content=\"https:\/\/comunidadeeducativa.org\/a-comunidade\/metodologia\/\" \/>\n<meta property=\"og:site_name\" content=\"Comunidade de Pr\u00e1tica\" \/>\n<meta property=\"article:modified_time\" content=\"2024-04-03T20:47:11+00:00\" \/>\n<meta property=\"og:image\" content=\"http:\/\/comunidadeeducativa.org\/wp-content\/uploads\/2024\/03\/WhatsApp-Image-2022-08-15-at-17.27.33-12.jpg\" \/>\n<meta name=\"twitter:card\" content=\"summary_large_image\" \/>\n<meta name=\"twitter:label1\" content=\"Tiempo de lectura\" \/>\n\t<meta name=\"twitter:data1\" content=\"1 minuto\" \/>\n<script type=\"application\/ld+json\" class=\"yoast-schema-graph\">{\"@context\":\"https:\/\/schema.org\",\"@graph\":[{\"@type\":\"WebPage\",\"@id\":\"https:\/\/comunidadeeducativa.org\/a-comunidade\/metodologia\/\",\"url\":\"https:\/\/comunidadeeducativa.org\/a-comunidade\/metodologia\/\",\"name\":\"Metodolog\u00eda - Comunidade de Pr\u00e1tica\",\"isPartOf\":{\"@id\":\"https:\/\/comunidadeeducativa.org\/#website\"},\"primaryImageOfPage\":{\"@id\":\"https:\/\/comunidadeeducativa.org\/a-comunidade\/metodologia\/#primaryimage\"},\"image\":{\"@id\":\"https:\/\/comunidadeeducativa.org\/a-comunidade\/metodologia\/#primaryimage\"},\"thumbnailUrl\":\"http:\/\/comunidadeeducativa.org\/wp-content\/uploads\/2024\/03\/WhatsApp-Image-2022-08-15-at-17.27.33-12.jpg\",\"datePublished\":\"2024-03-08T15:37:17+00:00\",\"dateModified\":\"2024-04-03T20:47:11+00:00\",\"breadcrumb\":{\"@id\":\"https:\/\/comunidadeeducativa.org\/a-comunidade\/metodologia\/#breadcrumb\"},\"inLanguage\":\"es\",\"potentialAction\":[{\"@type\":\"ReadAction\",\"target\":[\"https:\/\/comunidadeeducativa.org\/a-comunidade\/metodologia\/\"]}]},{\"@type\":\"ImageObject\",\"inLanguage\":\"es\",\"@id\":\"https:\/\/comunidadeeducativa.org\/a-comunidade\/metodologia\/#primaryimage\",\"url\":\"http:\/\/comunidadeeducativa.org\/wp-content\/uploads\/2024\/03\/WhatsApp-Image-2022-08-15-at-17.27.33-12.jpg\",\"contentUrl\":\"http:\/\/comunidadeeducativa.org\/wp-content\/uploads\/2024\/03\/WhatsApp-Image-2022-08-15-at-17.27.33-12.jpg\"},{\"@type\":\"BreadcrumbList\",\"@id\":\"https:\/\/comunidadeeducativa.org\/a-comunidade\/metodologia\/#breadcrumb\",\"itemListElement\":[{\"@type\":\"ListItem\",\"position\":1,\"name\":\"In\u00edcio\",\"item\":\"https:\/\/comunidadeeducativa.org\/es\/\"},{\"@type\":\"ListItem\",\"position\":2,\"name\":\"La Comunidad\",\"item\":\"https:\/\/comunidadeeducativa.org\/a-comunidade\/\"},{\"@type\":\"ListItem\",\"position\":3,\"name\":\"Metodolog\u00eda\"}]},{\"@type\":\"WebSite\",\"@id\":\"https:\/\/comunidadeeducativa.org\/#website\",\"url\":\"https:\/\/comunidadeeducativa.org\/\",\"name\":\"Comunidade de Pr\u00e1tica\",\"description\":\"Desenvolvimento Integral e Educa\u00e7\u00e3o Intercultural na Am\u00e9rica Latina\",\"publisher\":{\"@id\":\"https:\/\/comunidadeeducativa.org\/#organization\"},\"potentialAction\":[{\"@type\":\"SearchAction\",\"target\":{\"@type\":\"EntryPoint\",\"urlTemplate\":\"https:\/\/comunidadeeducativa.org\/?s={search_term_string}\"},\"query-input\":{\"@type\":\"PropertyValueSpecification\",\"valueRequired\":true,\"valueName\":\"search_term_string\"}}],\"inLanguage\":\"es\"},{\"@type\":\"Organization\",\"@id\":\"https:\/\/comunidadeeducativa.org\/#organization\",\"name\":\"Comunidade de Pr\u00e1tica\",\"url\":\"https:\/\/comunidadeeducativa.org\/\",\"logo\":{\"@type\":\"ImageObject\",\"inLanguage\":\"es\",\"@id\":\"https:\/\/comunidadeeducativa.org\/#\/schema\/logo\/image\/\",\"url\":\"http:\/\/comunidadeeducativa.org\/wp-content\/uploads\/2024\/03\/LogoPT-Mata.svg\",\"contentUrl\":\"http:\/\/comunidadeeducativa.org\/wp-content\/uploads\/2024\/03\/LogoPT-Mata.svg\",\"width\":896,\"height\":338,\"caption\":\"Comunidade de Pr\u00e1tica\"},\"image\":{\"@id\":\"https:\/\/comunidadeeducativa.org\/#\/schema\/logo\/image\/\"}}]}<\/script>\n<!-- \/ Yoast SEO plugin. -->","yoast_head_json":{"title":"Metodolog\u00eda - Comunidade de Pr\u00e1tica","robots":{"index":"index","follow":"follow","max-snippet":"max-snippet:-1","max-image-preview":"max-image-preview:large","max-video-preview":"max-video-preview:-1"},"canonical":"https:\/\/comunidadeeducativa.org\/a-comunidade\/metodologia\/","og_locale":"es_ES","og_type":"article","og_title":"Metodolog\u00eda - Comunidade de Pr\u00e1tica","og_description":"Los socios participantes de la Comunidad de Pr\u00e1ctica se re\u00fanen mensualmente en encuentros virtuales para realizar debates y formaci\u00f3n basado en el intercambio de experiencias, la escucha activa de docentes, estudiantes y directivos y el conocimiento de los marcos institucionales de cada pa\u00eds, entre otros temas. COVID-19 : Respuestas educativas a la emergencia sanitaria nacional [&hellip;]","og_url":"https:\/\/comunidadeeducativa.org\/a-comunidade\/metodologia\/","og_site_name":"Comunidade de Pr\u00e1tica","article_modified_time":"2024-04-03T20:47:11+00:00","og_image":[{"url":"http:\/\/comunidadeeducativa.org\/wp-content\/uploads\/2024\/03\/WhatsApp-Image-2022-08-15-at-17.27.33-12.jpg","type":"","width":"","height":""}],"twitter_card":"summary_large_image","twitter_misc":{"Tiempo de lectura":"1 minuto"},"schema":{"@context":"https:\/\/schema.org","@graph":[{"@type":"WebPage","@id":"https:\/\/comunidadeeducativa.org\/a-comunidade\/metodologia\/","url":"https:\/\/comunidadeeducativa.org\/a-comunidade\/metodologia\/","name":"Metodolog\u00eda - Comunidade de Pr\u00e1tica","isPartOf":{"@id":"https:\/\/comunidadeeducativa.org\/#website"},"primaryImageOfPage":{"@id":"https:\/\/comunidadeeducativa.org\/a-comunidade\/metodologia\/#primaryimage"},"image":{"@id":"https:\/\/comunidadeeducativa.org\/a-comunidade\/metodologia\/#primaryimage"},"thumbnailUrl":"http:\/\/comunidadeeducativa.org\/wp-content\/uploads\/2024\/03\/WhatsApp-Image-2022-08-15-at-17.27.33-12.jpg","datePublished":"2024-03-08T15:37:17+00:00","dateModified":"2024-04-03T20:47:11+00:00","breadcrumb":{"@id":"https:\/\/comunidadeeducativa.org\/a-comunidade\/metodologia\/#breadcrumb"},"inLanguage":"es","potentialAction":[{"@type":"ReadAction","target":["https:\/\/comunidadeeducativa.org\/a-comunidade\/metodologia\/"]}]},{"@type":"ImageObject","inLanguage":"es","@id":"https:\/\/comunidadeeducativa.org\/a-comunidade\/metodologia\/#primaryimage","url":"http:\/\/comunidadeeducativa.org\/wp-content\/uploads\/2024\/03\/WhatsApp-Image-2022-08-15-at-17.27.33-12.jpg","contentUrl":"http:\/\/comunidadeeducativa.org\/wp-content\/uploads\/2024\/03\/WhatsApp-Image-2022-08-15-at-17.27.33-12.jpg"},{"@type":"BreadcrumbList","@id":"https:\/\/comunidadeeducativa.org\/a-comunidade\/metodologia\/#breadcrumb","itemListElement":[{"@type":"ListItem","position":1,"name":"In\u00edcio","item":"https:\/\/comunidadeeducativa.org\/es\/"},{"@type":"ListItem","position":2,"name":"La Comunidad","item":"https:\/\/comunidadeeducativa.org\/a-comunidade\/"},{"@type":"ListItem","position":3,"name":"Metodolog\u00eda"}]},{"@type":"WebSite","@id":"https:\/\/comunidadeeducativa.org\/#website","url":"https:\/\/comunidadeeducativa.org\/","name":"Comunidade de Pr\u00e1tica","description":"Desenvolvimento Integral e Educa\u00e7\u00e3o Intercultural na Am\u00e9rica Latina","publisher":{"@id":"https:\/\/comunidadeeducativa.org\/#organization"},"potentialAction":[{"@type":"SearchAction","target":{"@type":"EntryPoint","urlTemplate":"https:\/\/comunidadeeducativa.org\/?s={search_term_string}"},"query-input":{"@type":"PropertyValueSpecification","valueRequired":true,"valueName":"search_term_string"}}],"inLanguage":"es"},{"@type":"Organization","@id":"https:\/\/comunidadeeducativa.org\/#organization","name":"Comunidade de Pr\u00e1tica","url":"https:\/\/comunidadeeducativa.org\/","logo":{"@type":"ImageObject","inLanguage":"es","@id":"https:\/\/comunidadeeducativa.org\/#\/schema\/logo\/image\/","url":"http:\/\/comunidadeeducativa.org\/wp-content\/uploads\/2024\/03\/LogoPT-Mata.svg","contentUrl":"http:\/\/comunidadeeducativa.org\/wp-content\/uploads\/2024\/03\/LogoPT-Mata.svg","width":896,"height":338,"caption":"Comunidade de Pr\u00e1tica"},"image":{"@id":"https:\/\/comunidadeeducativa.org\/#\/schema\/logo\/image\/"}}]}},"_links":{"self":[{"href":"https:\/\/comunidadeeducativa.org\/es\/wp-json\/wp\/v2\/pages\/1521","targetHints":{"allow":["GET"]}}],"collection":[{"href":"https:\/\/comunidadeeducativa.org\/es\/wp-json\/wp\/v2\/pages"}],"about":[{"href":"https:\/\/comunidadeeducativa.org\/es\/wp-json\/wp\/v2\/types\/page"}],"author":[{"embeddable":true,"href":"https:\/\/comunidadeeducativa.org\/es\/wp-json\/wp\/v2\/users\/1"}],"replies":[{"embeddable":true,"href":"https:\/\/comunidadeeducativa.org\/es\/wp-json\/wp\/v2\/comments?post=1521"}],"version-history":[{"count":4,"href":"https:\/\/comunidadeeducativa.org\/es\/wp-json\/wp\/v2\/pages\/1521\/revisions"}],"predecessor-version":[{"id":1968,"href":"https:\/\/comunidadeeducativa.org\/es\/wp-json\/wp\/v2\/pages\/1521\/revisions\/1968"}],"up":[{"embeddable":true,"href":"https:\/\/comunidadeeducativa.org\/es\/wp-json\/wp\/v2\/pages\/1522"}],"wp:attachment":[{"href":"https:\/\/comunidadeeducativa.org\/es\/wp-json\/wp\/v2\/media?parent=1521"}],"curies":[{"name":"wp","href":"https:\/\/api.w.org\/{rel}","templated":true}]}}