{"id":1523,"date":"2024-03-08T15:34:50","date_gmt":"2024-03-08T15:34:50","guid":{"rendered":"https:\/\/cp2024.bemvindo.co\/a-comunidade\/sobre\/"},"modified":"2024-03-26T08:49:39","modified_gmt":"2024-03-26T08:49:39","slug":"sobre","status":"publish","type":"page","link":"https:\/\/comunidadeeducativa.org\/es\/la-comunidad\/sobre\/","title":{"rendered":"Sobre"},"content":{"rendered":"\n<div class=\"wp-block-stackable-columns alignfull stk-block-columns stk-block stk-36fcc65\" data-block-id=\"36fcc65\"><style>.stk-36fcc65{padding-top:0px !important;padding-right:0px !important;padding-bottom:0px !important;padding-left:0px !important;margin-bottom:0px !important}<\/style><div class=\"stk-row stk-inner-blocks stk-block-content stk-content-align stk-36fcc65-column alignfull\">\n<div class=\"wp-block-stackable-column stk-block-column stk-column stk-block stk-4cc4455 stk-block-background stk--has-background-overlay\" data-v=\"4\" data-block-id=\"4cc4455\"><style>.stk-4cc4455-container{margin-top:0px !important;margin-right:0px !important;margin-bottom:0px !important;margin-left:0px !important}.stk-4cc4455{background-image:url(http:\/\/comunidadeeducativa.org\/wp-content\/uploads\/2024\/03\/Sobre.jpeg) !important;background-position:top center !important;background-size:contain !important;padding-top:0px !important;padding-right:0px !important;padding-bottom:0px !important;padding-left:0px !important}@media screen and (min-width:690px){.stk-4cc4455{flex:1 1 calc(50% - var(--stk-column-gap,0px) * 1 \/ 2 ) !important}}<\/style><div class=\"stk-column-wrapper stk-block-column__content stk-container stk-4cc4455-container stk--no-background stk--no-padding\"><div class=\"stk-block-content stk-inner-blocks stk-4cc4455-inner-blocks\">\n<div class=\"wp-block-stackable-spacer stk-block-spacer stk--no-padding stk-block stk-168e3d2\" data-block-id=\"168e3d2\"><style>@media screen and (max-width:689px){.stk-168e3d2{height:370px !important}}<\/style><\/div>\n<\/div><\/div><\/div>\n\n\n\n<div class=\"wp-block-stackable-column stk-block-column stk-column stk-block stk-2af2170\" data-v=\"4\" data-block-id=\"2af2170\"><style>.stk-2af2170-container{margin-top:0px !important;margin-right:0px !important;margin-bottom:0px !important;margin-left:0px !important;max-width:645px !important;padding-top:100px !important;padding-right:50px !important;padding-bottom:100px !important;padding-left:50px !important}@media screen and (min-width:690px){.stk-2af2170{flex:1 1 calc(50% - var(--stk-column-gap,0px) * 1 \/ 2 ) !important}}@media screen and (max-width:999px){.stk-2af2170-container{padding-top:80px !important;padding-bottom:80px !important}}@media screen and (max-width:689px){.stk-2af2170-container{padding-right:30px !important;padding-left:30px !important}}<\/style><div class=\"stk-column-wrapper stk-block-column__content stk-container stk-2af2170-container stk--no-background stk--no-padding\"><div class=\"has-text-align-center-mobile stk-block-content stk-inner-blocks stk-2af2170-inner-blocks\">\n<div class=\"wp-block-stackable-heading stk-block-heading stk-block-heading--v2 stk-block stk-72e8aba\" id=\"la-comunidad-de-practica-es-una-iniciativa-de-los-socios-de-porticus-america-latina-para-promover-el-desarrollo-integral-y-la-educacion-intercultural-en-brasil-colombia-y-peru\" data-block-id=\"72e8aba\"><style>.stk-72e8aba{margin-bottom:16px !important}<\/style><h4 class=\"stk-block-heading__text\">La Comunidad de Pr\u00e1ctica es una iniciativa de los socios de Porticus Am\u00e9rica Latina para promover el Desarrollo Integral y la Educaci\u00f3n Intercultural en Brasil, Colombia y Per\u00fa.<\/h4><\/div>\n\n\n\n<p>El Desarrollo Integral comprende que la educaci\u00f3n debe actuar por el crecimiento en las m\u00faltiples dimensiones de los individuos. Y la Educaci\u00f3n Intercultural debe promover el reconocimiento y el valor de la diversidad como oportunidad y fuente de aprendizaje para todos.<\/p>\n\n\n\n<p>El objetivo de la Comunidad de Pr\u00e1ctica es promover la coordinaci\u00f3n entre profesionales e instituciones para potenciar la educaci\u00f3n rural, \u00e9tnica e intercultural en Am\u00e9rica Latina.<\/p>\n\n\n\n<p>El primer a\u00f1o de funcionamiento de la Comunidad estuvo liderado por Flacso Brasil y el segundo por Unesco Per\u00fa.<\/p>\n<\/div><\/div><\/div>\n<\/div><\/div>\n","protected":false},"excerpt":{"rendered":"<p>La Comunidad de Pr\u00e1ctica es una iniciativa de los socios de Porticus Am\u00e9rica Latina para promover el Desarrollo Integral y la Educaci\u00f3n Intercultural en Brasil, Colombia y Per\u00fa. El Desarrollo Integral comprende que la educaci\u00f3n debe actuar por el crecimiento en las m\u00faltiples dimensiones de los individuos. Y la Educaci\u00f3n Intercultural debe promover el reconocimiento [&hellip;]<\/p>\n","protected":false},"author":1,"featured_media":0,"parent":1522,"menu_order":0,"comment_status":"closed","ping_status":"closed","template":"","meta":{"_eb_attr":"","inline_featured_image":false,"footnotes":""},"class_list":["post-1523","page","type-page","status-publish","hentry"],"blocksy_meta":[],"yoast_head":"<!-- This site is optimized with the Yoast SEO plugin v24.7 - https:\/\/yoast.com\/wordpress\/plugins\/seo\/ -->\n<title>Sobre - Comunidade de Pr\u00e1tica<\/title>\n<meta name=\"robots\" content=\"index, follow, max-snippet:-1, max-image-preview:large, max-video-preview:-1\" \/>\n<link rel=\"canonical\" href=\"https:\/\/comunidadeeducativa.org\/a-comunidade\/sobre\/\" \/>\n<meta property=\"og:locale\" content=\"es_ES\" \/>\n<meta property=\"og:type\" content=\"article\" \/>\n<meta property=\"og:title\" content=\"Sobre - Comunidade de Pr\u00e1tica\" \/>\n<meta property=\"og:description\" content=\"La Comunidad de Pr\u00e1ctica es una iniciativa de los socios de Porticus Am\u00e9rica Latina para promover el Desarrollo Integral y la Educaci\u00f3n Intercultural en Brasil, Colombia y Per\u00fa. El Desarrollo Integral comprende que la educaci\u00f3n debe actuar por el crecimiento en las m\u00faltiples dimensiones de los individuos. Y la Educaci\u00f3n Intercultural debe promover el reconocimiento [&hellip;]\" \/>\n<meta property=\"og:url\" content=\"https:\/\/comunidadeeducativa.org\/a-comunidade\/sobre\/\" \/>\n<meta property=\"og:site_name\" content=\"Comunidade de Pr\u00e1tica\" \/>\n<meta property=\"article:modified_time\" content=\"2024-03-26T08:49:39+00:00\" \/>\n<meta name=\"twitter:card\" content=\"summary_large_image\" \/>\n<meta name=\"twitter:label1\" content=\"Tiempo de lectura\" \/>\n\t<meta name=\"twitter:data1\" content=\"1 minuto\" \/>\n<script type=\"application\/ld+json\" class=\"yoast-schema-graph\">{\"@context\":\"https:\/\/schema.org\",\"@graph\":[{\"@type\":\"WebPage\",\"@id\":\"https:\/\/comunidadeeducativa.org\/a-comunidade\/sobre\/\",\"url\":\"https:\/\/comunidadeeducativa.org\/a-comunidade\/sobre\/\",\"name\":\"Sobre - Comunidade de Pr\u00e1tica\",\"isPartOf\":{\"@id\":\"https:\/\/comunidadeeducativa.org\/#website\"},\"datePublished\":\"2024-03-08T15:34:50+00:00\",\"dateModified\":\"2024-03-26T08:49:39+00:00\",\"breadcrumb\":{\"@id\":\"https:\/\/comunidadeeducativa.org\/a-comunidade\/sobre\/#breadcrumb\"},\"inLanguage\":\"es\",\"potentialAction\":[{\"@type\":\"ReadAction\",\"target\":[\"https:\/\/comunidadeeducativa.org\/a-comunidade\/sobre\/\"]}]},{\"@type\":\"BreadcrumbList\",\"@id\":\"https:\/\/comunidadeeducativa.org\/a-comunidade\/sobre\/#breadcrumb\",\"itemListElement\":[{\"@type\":\"ListItem\",\"position\":1,\"name\":\"In\u00edcio\",\"item\":\"https:\/\/comunidadeeducativa.org\/es\/\"},{\"@type\":\"ListItem\",\"position\":2,\"name\":\"La Comunidad\",\"item\":\"https:\/\/comunidadeeducativa.org\/a-comunidade\/\"},{\"@type\":\"ListItem\",\"position\":3,\"name\":\"Sobre\"}]},{\"@type\":\"WebSite\",\"@id\":\"https:\/\/comunidadeeducativa.org\/#website\",\"url\":\"https:\/\/comunidadeeducativa.org\/\",\"name\":\"Comunidade de Pr\u00e1tica\",\"description\":\"Desenvolvimento Integral e Educa\u00e7\u00e3o Intercultural na Am\u00e9rica Latina\",\"publisher\":{\"@id\":\"https:\/\/comunidadeeducativa.org\/#organization\"},\"potentialAction\":[{\"@type\":\"SearchAction\",\"target\":{\"@type\":\"EntryPoint\",\"urlTemplate\":\"https:\/\/comunidadeeducativa.org\/?s={search_term_string}\"},\"query-input\":{\"@type\":\"PropertyValueSpecification\",\"valueRequired\":true,\"valueName\":\"search_term_string\"}}],\"inLanguage\":\"es\"},{\"@type\":\"Organization\",\"@id\":\"https:\/\/comunidadeeducativa.org\/#organization\",\"name\":\"Comunidade de Pr\u00e1tica\",\"url\":\"https:\/\/comunidadeeducativa.org\/\",\"logo\":{\"@type\":\"ImageObject\",\"inLanguage\":\"es\",\"@id\":\"https:\/\/comunidadeeducativa.org\/#\/schema\/logo\/image\/\",\"url\":\"http:\/\/comunidadeeducativa.org\/wp-content\/uploads\/2024\/03\/LogoPT-Mata.svg\",\"contentUrl\":\"http:\/\/comunidadeeducativa.org\/wp-content\/uploads\/2024\/03\/LogoPT-Mata.svg\",\"width\":896,\"height\":338,\"caption\":\"Comunidade de Pr\u00e1tica\"},\"image\":{\"@id\":\"https:\/\/comunidadeeducativa.org\/#\/schema\/logo\/image\/\"}}]}<\/script>\n<!-- \/ Yoast SEO plugin. -->","yoast_head_json":{"title":"Sobre - Comunidade de Pr\u00e1tica","robots":{"index":"index","follow":"follow","max-snippet":"max-snippet:-1","max-image-preview":"max-image-preview:large","max-video-preview":"max-video-preview:-1"},"canonical":"https:\/\/comunidadeeducativa.org\/a-comunidade\/sobre\/","og_locale":"es_ES","og_type":"article","og_title":"Sobre - Comunidade de Pr\u00e1tica","og_description":"La Comunidad de Pr\u00e1ctica es una iniciativa de los socios de Porticus Am\u00e9rica Latina para promover el Desarrollo Integral y la Educaci\u00f3n Intercultural en Brasil, Colombia y Per\u00fa. El Desarrollo Integral comprende que la educaci\u00f3n debe actuar por el crecimiento en las m\u00faltiples dimensiones de los individuos. Y la Educaci\u00f3n Intercultural debe promover el reconocimiento [&hellip;]","og_url":"https:\/\/comunidadeeducativa.org\/a-comunidade\/sobre\/","og_site_name":"Comunidade de Pr\u00e1tica","article_modified_time":"2024-03-26T08:49:39+00:00","twitter_card":"summary_large_image","twitter_misc":{"Tiempo de lectura":"1 minuto"},"schema":{"@context":"https:\/\/schema.org","@graph":[{"@type":"WebPage","@id":"https:\/\/comunidadeeducativa.org\/a-comunidade\/sobre\/","url":"https:\/\/comunidadeeducativa.org\/a-comunidade\/sobre\/","name":"Sobre - Comunidade de Pr\u00e1tica","isPartOf":{"@id":"https:\/\/comunidadeeducativa.org\/#website"},"datePublished":"2024-03-08T15:34:50+00:00","dateModified":"2024-03-26T08:49:39+00:00","breadcrumb":{"@id":"https:\/\/comunidadeeducativa.org\/a-comunidade\/sobre\/#breadcrumb"},"inLanguage":"es","potentialAction":[{"@type":"ReadAction","target":["https:\/\/comunidadeeducativa.org\/a-comunidade\/sobre\/"]}]},{"@type":"BreadcrumbList","@id":"https:\/\/comunidadeeducativa.org\/a-comunidade\/sobre\/#breadcrumb","itemListElement":[{"@type":"ListItem","position":1,"name":"In\u00edcio","item":"https:\/\/comunidadeeducativa.org\/es\/"},{"@type":"ListItem","position":2,"name":"La Comunidad","item":"https:\/\/comunidadeeducativa.org\/a-comunidade\/"},{"@type":"ListItem","position":3,"name":"Sobre"}]},{"@type":"WebSite","@id":"https:\/\/comunidadeeducativa.org\/#website","url":"https:\/\/comunidadeeducativa.org\/","name":"Comunidade de Pr\u00e1tica","description":"Desenvolvimento Integral e Educa\u00e7\u00e3o Intercultural na Am\u00e9rica Latina","publisher":{"@id":"https:\/\/comunidadeeducativa.org\/#organization"},"potentialAction":[{"@type":"SearchAction","target":{"@type":"EntryPoint","urlTemplate":"https:\/\/comunidadeeducativa.org\/?s={search_term_string}"},"query-input":{"@type":"PropertyValueSpecification","valueRequired":true,"valueName":"search_term_string"}}],"inLanguage":"es"},{"@type":"Organization","@id":"https:\/\/comunidadeeducativa.org\/#organization","name":"Comunidade de Pr\u00e1tica","url":"https:\/\/comunidadeeducativa.org\/","logo":{"@type":"ImageObject","inLanguage":"es","@id":"https:\/\/comunidadeeducativa.org\/#\/schema\/logo\/image\/","url":"http:\/\/comunidadeeducativa.org\/wp-content\/uploads\/2024\/03\/LogoPT-Mata.svg","contentUrl":"http:\/\/comunidadeeducativa.org\/wp-content\/uploads\/2024\/03\/LogoPT-Mata.svg","width":896,"height":338,"caption":"Comunidade de Pr\u00e1tica"},"image":{"@id":"https:\/\/comunidadeeducativa.org\/#\/schema\/logo\/image\/"}}]}},"_links":{"self":[{"href":"https:\/\/comunidadeeducativa.org\/es\/wp-json\/wp\/v2\/pages\/1523","targetHints":{"allow":["GET"]}}],"collection":[{"href":"https:\/\/comunidadeeducativa.org\/es\/wp-json\/wp\/v2\/pages"}],"about":[{"href":"https:\/\/comunidadeeducativa.org\/es\/wp-json\/wp\/v2\/types\/page"}],"author":[{"embeddable":true,"href":"https:\/\/comunidadeeducativa.org\/es\/wp-json\/wp\/v2\/users\/1"}],"replies":[{"embeddable":true,"href":"https:\/\/comunidadeeducativa.org\/es\/wp-json\/wp\/v2\/comments?post=1523"}],"version-history":[{"count":2,"href":"https:\/\/comunidadeeducativa.org\/es\/wp-json\/wp\/v2\/pages\/1523\/revisions"}],"predecessor-version":[{"id":1594,"href":"https:\/\/comunidadeeducativa.org\/es\/wp-json\/wp\/v2\/pages\/1523\/revisions\/1594"}],"up":[{"embeddable":true,"href":"https:\/\/comunidadeeducativa.org\/es\/wp-json\/wp\/v2\/pages\/1522"}],"wp:attachment":[{"href":"https:\/\/comunidadeeducativa.org\/es\/wp-json\/wp\/v2\/media?parent=1523"}],"curies":[{"name":"wp","href":"https:\/\/api.w.org\/{rel}","templated":true}]}}