{"id":1838,"date":"2024-03-26T11:24:30","date_gmt":"2024-03-26T11:24:30","guid":{"rendered":"https:\/\/cp2024.bemvindo.co\/aprendizajes\/politicas-educacionais\/"},"modified":"2024-04-03T17:49:37","modified_gmt":"2024-04-03T17:49:37","slug":"politicas-educacionais","status":"publish","type":"page","link":"https:\/\/comunidadeeducativa.org\/es\/aprendizajes\/politicas-educacionais\/","title":{"rendered":"Pol\u00edticas educacionales"},"content":{"rendered":"\n<div class=\"wp-block-stackable-columns stk-block-columns stk-block stk-1447f04\" data-block-id=\"1447f04\"><div class=\"stk-row stk-inner-blocks stk-block-content stk-content-align stk-1447f04-column\">\n<div class=\"wp-block-stackable-column stk-block-column stk-column stk-block stk-89b86a8\" data-v=\"4\" data-block-id=\"89b86a8\"><style>@media screen and (min-width:690px){.stk-89b86a8{flex:1 1 33.3% !important}}<\/style><div class=\"stk-column-wrapper stk-block-column__content stk-container stk-89b86a8-container stk--no-background stk--no-padding\"><div class=\"stk-block-content stk-inner-blocks stk-89b86a8-inner-blocks\">\n<div class=\"wp-block-stackable-table-of-contents stk-block-table-of-contents stk-block stk-aa2d4dc sumario\" data-block-id=\"aa2d4dc\"><style>.stk-aa2d4dc li,.stk-aa2d4dc ul li a,.stk-aa2d4dc ol li a{color:var(--theme-palette-color-2,#FF9F66) !important}.stk-aa2d4dc .stk-table-of-contents__title{font-size:2rem !important;font-weight:700 !important}.stk-aa2d4dc{top:0px !important;position:sticky !important}.stk-aa2d4dc ul{list-style-type:none !important}@media screen and (max-width:999px){.stk-aa2d4dc .stk-table-of-contents__title{font-size:2rem !important}}<\/style><p class=\"stk-table-of-contents__title\">Sum\u00e1rio<\/p><ul class=\"stk-table-of-contents__table has-text-color\"><li><a href=\"#ano-2021-2022\">A\u00f1o 2021\/2022<\/a><ul><li><a href=\"#febrero\">Febrero<\/a><\/li><li><a href=\"#marzo\">Marzo<\/a><\/li><li><a href=\"#mayo\">Mayo<\/a><\/li><li><a href=\"#junio\">Junio<\/a><\/li><li><a href=\"#agosto\">Agosto<\/a><\/li><li><a href=\"#septiembre\">Septiembre<\/a><\/li><\/ul><\/li><li><a href=\"#carta-de-advocacy-declaratoria\">Carta de Advocacy &#8211; Declaratoria<\/a><\/li><\/ul><\/div>\n<\/div><\/div><\/div>\n\n\n\n<div class=\"wp-block-stackable-column stk-block-column stk-column stk-block stk-90b9322\" data-v=\"4\" data-block-id=\"90b9322\"><style>@media screen and (min-width:690px){.stk-90b9322{flex:1 1 66.7% !important}}<\/style><div class=\"stk-column-wrapper stk-block-column__content stk-container stk-90b9322-container stk--no-background stk--no-padding\"><div class=\"stk-block-content stk-inner-blocks stk-90b9322-inner-blocks\">\n<p>El Subgrupo 2 tuvo como objetivo construir una visi\u00f3n ampliada de lo que son las pol\u00edticas p\u00fablicas dirigidas a la educaci\u00f3n rural. El punto de partida fue la necesidad de entender de manera rec\u00edproca c\u00f3mo funcionan los sistemas educativos dirigidos al campo en Per\u00fa, Brasil y Colombia.<\/p>\n\n\n\n<p>Para profundizar en el conocimiento de c\u00f3mo funciona la educaci\u00f3n rural, los socios optaron por la formaci\u00f3n en temas relevantes dentro del \u00e1mbito de los Sistemas de Educaci\u00f3n Rural. En cada reuni\u00f3n mensual, los socios y miembros de cada pa\u00eds invitaron a disertantes sobre temas de inter\u00e9s.<\/p>\n\n\n\n<p>Se puede acceder a la memoria de cada encuentro realizado, con la menci\u00f3n de los participantes y sus aportes, en los materiales del Subgrupo 2.<\/p>\n\n\n\n<div class=\"wp-block-stackable-image stk-block-image stk-block stk-477f470\" data-block-id=\"477f470\"><figure><span class=\"stk-img-wrapper stk-image--shape-stretch\"><img decoding=\"async\" class=\"stk-img wp-image-1392 lazyload\" data-src=\"http:\/\/comunidadeeducativa.org\/wp-content\/uploads\/2024\/03\/WhatsApp-Image-2022-08-15-at-14.25.53.jpg\" width=\"1280\" height=\"907\" data-srcset=\"https:\/\/comunidadeeducativa.org\/wp-content\/uploads\/2024\/03\/WhatsApp-Image-2022-08-15-at-14.25.53.jpg 1280w, https:\/\/comunidadeeducativa.org\/wp-content\/uploads\/2024\/03\/WhatsApp-Image-2022-08-15-at-14.25.53-300x213.jpg 300w, https:\/\/comunidadeeducativa.org\/wp-content\/uploads\/2024\/03\/WhatsApp-Image-2022-08-15-at-14.25.53-1024x726.jpg 1024w, https:\/\/comunidadeeducativa.org\/wp-content\/uploads\/2024\/03\/WhatsApp-Image-2022-08-15-at-14.25.53-768x544.jpg 768w\" data-sizes=\"auto, (max-width: 1280px) 100vw, 1280px\" src=\"data:image\/gif;base64,R0lGODlhAQABAAAAACH5BAEKAAEALAAAAAABAAEAAAICTAEAOw==\" style=\"--smush-placeholder-width: 1280px; --smush-placeholder-aspect-ratio: 1280\/907;\" \/><\/span><\/figure><\/div>\n\n\n\n<h2 class=\"wp-block-heading\" id=\"ano-2021-2022\">A\u00f1o 2021\/2022<\/h2>\n\n\n\n<h3 class=\"wp-block-heading\" id=\"febrero\">Febrero<\/h3>\n\n\n\n<p>Tema: <strong>Sistemas de educa\u00e7\u00e3o rural<\/strong><br>Palestrantes: <strong>D\u00e9bora Matte (Brasil), Luis Alberto Cardozo (Col\u00f4mbia) e Silvia Torres (Peru)<\/strong><\/p>\n\n\n\n<h3 class=\"wp-block-heading\" id=\"marzo\">Marzo<\/h3>\n\n\n\n<p>Tema: <strong>Curr\u00edculos interculturais<\/strong><br>Palestrantes: <strong>Jorge Garcia (Col\u00f4mbia), Lucy Trapnell (Peru) e Aparecida Alencar (Brasil)<\/strong><\/p>\n\n\n\n<h3 class=\"wp-block-heading\" id=\"mayo\">Mayo<\/h3>\n\n\n\n<p>Tema: <strong>Or\u00e7amento para a educa\u00e7\u00e3o do campo<\/strong><br>Palestrantes: <strong>Marcele Frossard (Brasil) e Maria Alejandra Mu\u00f1oz (Colombia)<\/strong><\/p>\n\n\n\n<h3 class=\"wp-block-heading\" id=\"junio\">Junio<\/h3>\n\n\n\n<p>Tema: <strong>Trabalho docente<\/strong><br>Palestrantes: <strong>Elizabeth Castillo (Colombia) e Orleane Nascimento (Brasil)<\/strong><\/p>\n\n\n\n<h3 class=\"wp-block-heading\" id=\"agosto\"><strong>Agosto<\/strong><\/h3>\n\n\n\n<p>Tema: <strong>Juventudes do campo: participa\u00e7\u00e3o social de crian\u00e7as, adolescentes e jovens<\/strong><br>Palestrantes: <strong>Bianca Lima Silva (Brasil) e Carolina Trivelli (Peru)<\/strong><\/p>\n\n\n\n<h3 class=\"wp-block-heading\" id=\"septiembre\"><strong>Septiembr<\/strong>e<\/h3>\n\n\n\n<p>Tema: <strong>L\u00ednguas ind\u00edgenas<\/strong><br>Palestrantes: <strong>Artur Garcia Gon\u00e7alves, povo Baniwa (Brasil)<\/strong><\/p>\n\n\n\n<div class=\"wp-block-stackable-spacer stk-block-spacer stk--no-padding stk-block stk-a7c02e8\" data-block-id=\"a7c02e8\"><\/div>\n\n\n\n<div class=\"wp-block-stackable-image stk-block-image stk-block stk-878d7a9\" data-block-id=\"878d7a9\"><style>.stk-878d7a9{margin-bottom:0px !important}.stk-878d7a9 .stk-img-wrapper{width:400px !important}<\/style><figure><span class=\"stk-img-wrapper stk-image--shape-stretch\"><img decoding=\"async\" class=\"stk-img wp-image-1189 lazyload\" data-src=\"http:\/\/comunidadeeducativa.org\/wp-content\/uploads\/2024\/03\/Forma-01-Verde-claro.svg\" width=\"400\" height=\"300\" src=\"data:image\/gif;base64,R0lGODlhAQABAAAAACH5BAEKAAEALAAAAAABAAEAAAICTAEAOw==\" style=\"--smush-placeholder-width: 400px; --smush-placeholder-aspect-ratio: 400\/300;\" \/><\/span><\/figure><\/div>\n\n\n\n<div class=\"wp-block-stackable-spacer stk-block-spacer stk--no-padding stk-block stk-c74fa32\" data-block-id=\"c74fa32\"><\/div>\n\n\n\n<div class=\"wp-block-stackable-heading stk-block-heading stk-block-heading--v2 stk-block stk-9c95e90\" id=\"carta-de-advocacy-declaratoria\" data-block-id=\"9c95e90\"><h2 class=\"stk-block-heading__text\">Carta de Advocacy &#8211; Declaratoria<\/h2><\/div>\n\n\n\n<p>Considerando la agenda pol\u00edtica de Colombia, Brasil y Per\u00fa, que vivenciaron disputas electorales en 2022, los participantes del Subgrupo 2 de la Comunidad de Pr\u00e1ctica&nbsp; decidieron elaborar una Carta de Advocacy \u2013 Declaratoria que destacou los puntos de vista de todas las organizaciones en la b\u00fasqueda de calidad de la educaci\u00f3n en el campo. La Carta de Advocacy \u2013 Declaratoria resalta intereses comunes y tuvo como objetivo sensibilizar a los candidatos a la presidencia y vicepresidencia con el tema de la educaci\u00f3n rural para incidir en la pol\u00edtica p\u00fablica.<\/p>\n\n\n\n<div class=\"wp-block-stackable-button-group stk-block-button-group stk-block stk-14473ed\" data-block-id=\"14473ed\"><div class=\"stk-row stk-inner-blocks stk-block-content stk-button-group\">\n<div class=\"wp-block-stackable-button stk-block-button is-style-ghost stk-block stk-9d7ce0f\" data-block-id=\"9d7ce0f\"><style>.stk-9d7ce0f .stk-button{background:transparent !important}.stk-9d7ce0f .stk-button:hover:after{background:transparent !important;opacity:1 !important}:where(.stk-hover-parent:hover,.stk-hover-parent.stk--is-hovered) .stk-9d7ce0f .stk-button:after{background:transparent !important;opacity:1 !important}.stk-9d7ce0f .stk-button:before{border-style:solid !important}.stk-9d7ce0f .stk-button__inner-text{font-weight:700 !important}<\/style><a class=\"stk-link stk-button stk--hover-effect-darken\" href=\"http:\/\/comunidadeeducativa.org\/wp-content\/uploads\/2024\/03\/Carta-Advocacy-Colombia-Brasil-y-Peru-Espanhol-.docx.pdf\" target=\"_blank\" rel=\"noreferrer noopener\"><span class=\"stk-button__inner-text\">Carta de advocacy (ES)<\/span><span class=\"stk--svg-wrapper\"><div class=\"stk--inner-svg\"><svg xmlns=\"http:\/\/www.w3.org\/2000\/svg\" viewBox=\"0 0 448 512\" aria-hidden=\"true\" width=\"32\" height=\"32\"><path d=\"M438.6 278.6c12.5-12.5 12.5-32.8 0-45.3l-160-160c-12.5-12.5-32.8-12.5-45.3 0s-12.5 32.8 0 45.3L338.8 224 32 224c-17.7 0-32 14.3-32 32s14.3 32 32 32l306.7 0L233.4 393.4c-12.5 12.5-12.5 32.8 0 45.3s32.8 12.5 45.3 0l160-160z\"><\/path><\/svg><\/div><\/span><\/a><\/div>\n\n\n\n<div class=\"wp-block-stackable-button stk-block-button is-style-ghost stk-block stk-341f474\" data-block-id=\"341f474\"><style>.stk-341f474 .stk-button{background:transparent !important}.stk-341f474 .stk-button:hover:after{background:transparent !important;opacity:1 !important}:where(.stk-hover-parent:hover,.stk-hover-parent.stk--is-hovered) .stk-341f474 .stk-button:after{background:transparent !important;opacity:1 !important}.stk-341f474 .stk-button:before{border-style:solid !important}.stk-341f474 .stk-button__inner-text{font-weight:700 !important}<\/style><a class=\"stk-link stk-button stk--hover-effect-darken\" href=\"http:\/\/comunidadeeducativa.org\/wp-content\/uploads\/2024\/03\/Carta-Advocacy.-Colombia-Brasil-e-Peru.-Agosto2022_Vf_portugues.pdf\" target=\"_blank\" rel=\"noreferrer noopener\"><span class=\"stk-button__inner-text\">Carta de advocacy (PT)<\/span><span class=\"stk--svg-wrapper\"><div class=\"stk--inner-svg\"><svg xmlns=\"http:\/\/www.w3.org\/2000\/svg\" viewBox=\"0 0 448 512\" aria-hidden=\"true\" width=\"32\" height=\"32\"><path d=\"M438.6 278.6c12.5-12.5 12.5-32.8 0-45.3l-160-160c-12.5-12.5-32.8-12.5-45.3 0s-12.5 32.8 0 45.3L338.8 224 32 224c-17.7 0-32 14.3-32 32s14.3 32 32 32l306.7 0L233.4 393.4c-12.5 12.5-12.5 32.8 0 45.3s32.8 12.5 45.3 0l160-160z\"><\/path><\/svg><\/div><\/span><\/a><\/div>\n<\/div><\/div>\n<\/div><\/div><\/div>\n<\/div><\/div>\n","protected":false},"excerpt":{"rendered":"<p>Construcci\u00f3n de pol\u00edticas educacionales adecuadas a los contextos rurales <\/p>\n","protected":false},"author":1,"featured_media":0,"parent":1519,"menu_order":0,"comment_status":"closed","ping_status":"closed","template":"","meta":{"_eb_attr":"","inline_featured_image":false,"footnotes":""},"class_list":["post-1838","page","type-page","status-publish","hentry"],"blocksy_meta":{"page_structure_type":"default","styles_descriptor":{"styles":{"desktop":"","tablet":"","mobile":""},"google_fonts":[],"version":6}},"yoast_head":"<!-- This site is optimized with the Yoast SEO plugin v24.7 - https:\/\/yoast.com\/wordpress\/plugins\/seo\/ -->\n<title>Pol\u00edticas educacionales - Comunidade de Pr\u00e1tica<\/title>\n<meta name=\"robots\" content=\"index, follow, max-snippet:-1, max-image-preview:large, max-video-preview:-1\" \/>\n<link rel=\"canonical\" href=\"https:\/\/comunidadeeducativa.org\/aprendizados\/politicas-educacionais\/\" \/>\n<meta property=\"og:locale\" content=\"es_ES\" \/>\n<meta property=\"og:type\" content=\"article\" \/>\n<meta property=\"og:title\" content=\"Pol\u00edticas educacionales - Comunidade de Pr\u00e1tica\" \/>\n<meta property=\"og:description\" content=\"Construcci\u00f3n de pol\u00edticas educacionales adecuadas a los contextos rurales\" \/>\n<meta property=\"og:url\" content=\"https:\/\/comunidadeeducativa.org\/aprendizados\/politicas-educacionais\/\" \/>\n<meta property=\"og:site_name\" content=\"Comunidade de Pr\u00e1tica\" \/>\n<meta property=\"article:modified_time\" content=\"2024-04-03T17:49:37+00:00\" \/>\n<meta property=\"og:image\" content=\"http:\/\/comunidadeeducativa.org\/wp-content\/uploads\/2024\/03\/WhatsApp-Image-2022-08-15-at-14.25.53.jpg\" \/>\n<meta name=\"twitter:card\" content=\"summary_large_image\" \/>\n<meta name=\"twitter:label1\" content=\"Tiempo de lectura\" \/>\n\t<meta name=\"twitter:data1\" content=\"2 minutos\" \/>\n<script type=\"application\/ld+json\" class=\"yoast-schema-graph\">{\"@context\":\"https:\/\/schema.org\",\"@graph\":[{\"@type\":\"WebPage\",\"@id\":\"https:\/\/comunidadeeducativa.org\/aprendizados\/politicas-educacionais\/\",\"url\":\"https:\/\/comunidadeeducativa.org\/aprendizados\/politicas-educacionais\/\",\"name\":\"Pol\u00edticas educacionales - Comunidade de Pr\u00e1tica\",\"isPartOf\":{\"@id\":\"https:\/\/comunidadeeducativa.org\/#website\"},\"primaryImageOfPage\":{\"@id\":\"https:\/\/comunidadeeducativa.org\/aprendizados\/politicas-educacionais\/#primaryimage\"},\"image\":{\"@id\":\"https:\/\/comunidadeeducativa.org\/aprendizados\/politicas-educacionais\/#primaryimage\"},\"thumbnailUrl\":\"http:\/\/comunidadeeducativa.org\/wp-content\/uploads\/2024\/03\/WhatsApp-Image-2022-08-15-at-14.25.53.jpg\",\"datePublished\":\"2024-03-26T11:24:30+00:00\",\"dateModified\":\"2024-04-03T17:49:37+00:00\",\"breadcrumb\":{\"@id\":\"https:\/\/comunidadeeducativa.org\/aprendizados\/politicas-educacionais\/#breadcrumb\"},\"inLanguage\":\"es\",\"potentialAction\":[{\"@type\":\"ReadAction\",\"target\":[\"https:\/\/comunidadeeducativa.org\/aprendizados\/politicas-educacionais\/\"]}]},{\"@type\":\"ImageObject\",\"inLanguage\":\"es\",\"@id\":\"https:\/\/comunidadeeducativa.org\/aprendizados\/politicas-educacionais\/#primaryimage\",\"url\":\"http:\/\/comunidadeeducativa.org\/wp-content\/uploads\/2024\/03\/WhatsApp-Image-2022-08-15-at-14.25.53.jpg\",\"contentUrl\":\"http:\/\/comunidadeeducativa.org\/wp-content\/uploads\/2024\/03\/WhatsApp-Image-2022-08-15-at-14.25.53.jpg\"},{\"@type\":\"BreadcrumbList\",\"@id\":\"https:\/\/comunidadeeducativa.org\/aprendizados\/politicas-educacionais\/#breadcrumb\",\"itemListElement\":[{\"@type\":\"ListItem\",\"position\":1,\"name\":\"In\u00edcio\",\"item\":\"https:\/\/comunidadeeducativa.org\/es\/\"},{\"@type\":\"ListItem\",\"position\":2,\"name\":\"Aprendizajes\",\"item\":\"https:\/\/comunidadeeducativa.org\/es\/aprendizajes\/\"},{\"@type\":\"ListItem\",\"position\":3,\"name\":\"Pol\u00edticas educacionales\"}]},{\"@type\":\"WebSite\",\"@id\":\"https:\/\/comunidadeeducativa.org\/#website\",\"url\":\"https:\/\/comunidadeeducativa.org\/\",\"name\":\"Comunidade de Pr\u00e1tica\",\"description\":\"Desenvolvimento Integral e Educa\u00e7\u00e3o Intercultural na Am\u00e9rica Latina\",\"publisher\":{\"@id\":\"https:\/\/comunidadeeducativa.org\/#organization\"},\"potentialAction\":[{\"@type\":\"SearchAction\",\"target\":{\"@type\":\"EntryPoint\",\"urlTemplate\":\"https:\/\/comunidadeeducativa.org\/?s={search_term_string}\"},\"query-input\":{\"@type\":\"PropertyValueSpecification\",\"valueRequired\":true,\"valueName\":\"search_term_string\"}}],\"inLanguage\":\"es\"},{\"@type\":\"Organization\",\"@id\":\"https:\/\/comunidadeeducativa.org\/#organization\",\"name\":\"Comunidade de Pr\u00e1tica\",\"url\":\"https:\/\/comunidadeeducativa.org\/\",\"logo\":{\"@type\":\"ImageObject\",\"inLanguage\":\"es\",\"@id\":\"https:\/\/comunidadeeducativa.org\/#\/schema\/logo\/image\/\",\"url\":\"http:\/\/comunidadeeducativa.org\/wp-content\/uploads\/2024\/03\/LogoPT-Mata.svg\",\"contentUrl\":\"http:\/\/comunidadeeducativa.org\/wp-content\/uploads\/2024\/03\/LogoPT-Mata.svg\",\"width\":896,\"height\":338,\"caption\":\"Comunidade de Pr\u00e1tica\"},\"image\":{\"@id\":\"https:\/\/comunidadeeducativa.org\/#\/schema\/logo\/image\/\"}}]}<\/script>\n<!-- \/ Yoast SEO plugin. -->","yoast_head_json":{"title":"Pol\u00edticas educacionales - Comunidade de Pr\u00e1tica","robots":{"index":"index","follow":"follow","max-snippet":"max-snippet:-1","max-image-preview":"max-image-preview:large","max-video-preview":"max-video-preview:-1"},"canonical":"https:\/\/comunidadeeducativa.org\/aprendizados\/politicas-educacionais\/","og_locale":"es_ES","og_type":"article","og_title":"Pol\u00edticas educacionales - Comunidade de Pr\u00e1tica","og_description":"Construcci\u00f3n de pol\u00edticas educacionales adecuadas a los contextos rurales","og_url":"https:\/\/comunidadeeducativa.org\/aprendizados\/politicas-educacionais\/","og_site_name":"Comunidade de Pr\u00e1tica","article_modified_time":"2024-04-03T17:49:37+00:00","og_image":[{"url":"http:\/\/comunidadeeducativa.org\/wp-content\/uploads\/2024\/03\/WhatsApp-Image-2022-08-15-at-14.25.53.jpg","type":"","width":"","height":""}],"twitter_card":"summary_large_image","twitter_misc":{"Tiempo de lectura":"2 minutos"},"schema":{"@context":"https:\/\/schema.org","@graph":[{"@type":"WebPage","@id":"https:\/\/comunidadeeducativa.org\/aprendizados\/politicas-educacionais\/","url":"https:\/\/comunidadeeducativa.org\/aprendizados\/politicas-educacionais\/","name":"Pol\u00edticas educacionales - Comunidade de Pr\u00e1tica","isPartOf":{"@id":"https:\/\/comunidadeeducativa.org\/#website"},"primaryImageOfPage":{"@id":"https:\/\/comunidadeeducativa.org\/aprendizados\/politicas-educacionais\/#primaryimage"},"image":{"@id":"https:\/\/comunidadeeducativa.org\/aprendizados\/politicas-educacionais\/#primaryimage"},"thumbnailUrl":"http:\/\/comunidadeeducativa.org\/wp-content\/uploads\/2024\/03\/WhatsApp-Image-2022-08-15-at-14.25.53.jpg","datePublished":"2024-03-26T11:24:30+00:00","dateModified":"2024-04-03T17:49:37+00:00","breadcrumb":{"@id":"https:\/\/comunidadeeducativa.org\/aprendizados\/politicas-educacionais\/#breadcrumb"},"inLanguage":"es","potentialAction":[{"@type":"ReadAction","target":["https:\/\/comunidadeeducativa.org\/aprendizados\/politicas-educacionais\/"]}]},{"@type":"ImageObject","inLanguage":"es","@id":"https:\/\/comunidadeeducativa.org\/aprendizados\/politicas-educacionais\/#primaryimage","url":"http:\/\/comunidadeeducativa.org\/wp-content\/uploads\/2024\/03\/WhatsApp-Image-2022-08-15-at-14.25.53.jpg","contentUrl":"http:\/\/comunidadeeducativa.org\/wp-content\/uploads\/2024\/03\/WhatsApp-Image-2022-08-15-at-14.25.53.jpg"},{"@type":"BreadcrumbList","@id":"https:\/\/comunidadeeducativa.org\/aprendizados\/politicas-educacionais\/#breadcrumb","itemListElement":[{"@type":"ListItem","position":1,"name":"In\u00edcio","item":"https:\/\/comunidadeeducativa.org\/es\/"},{"@type":"ListItem","position":2,"name":"Aprendizajes","item":"https:\/\/comunidadeeducativa.org\/es\/aprendizajes\/"},{"@type":"ListItem","position":3,"name":"Pol\u00edticas educacionales"}]},{"@type":"WebSite","@id":"https:\/\/comunidadeeducativa.org\/#website","url":"https:\/\/comunidadeeducativa.org\/","name":"Comunidade de Pr\u00e1tica","description":"Desenvolvimento Integral e Educa\u00e7\u00e3o Intercultural na Am\u00e9rica Latina","publisher":{"@id":"https:\/\/comunidadeeducativa.org\/#organization"},"potentialAction":[{"@type":"SearchAction","target":{"@type":"EntryPoint","urlTemplate":"https:\/\/comunidadeeducativa.org\/?s={search_term_string}"},"query-input":{"@type":"PropertyValueSpecification","valueRequired":true,"valueName":"search_term_string"}}],"inLanguage":"es"},{"@type":"Organization","@id":"https:\/\/comunidadeeducativa.org\/#organization","name":"Comunidade de Pr\u00e1tica","url":"https:\/\/comunidadeeducativa.org\/","logo":{"@type":"ImageObject","inLanguage":"es","@id":"https:\/\/comunidadeeducativa.org\/#\/schema\/logo\/image\/","url":"http:\/\/comunidadeeducativa.org\/wp-content\/uploads\/2024\/03\/LogoPT-Mata.svg","contentUrl":"http:\/\/comunidadeeducativa.org\/wp-content\/uploads\/2024\/03\/LogoPT-Mata.svg","width":896,"height":338,"caption":"Comunidade de Pr\u00e1tica"},"image":{"@id":"https:\/\/comunidadeeducativa.org\/#\/schema\/logo\/image\/"}}]}},"_links":{"self":[{"href":"https:\/\/comunidadeeducativa.org\/es\/wp-json\/wp\/v2\/pages\/1838","targetHints":{"allow":["GET"]}}],"collection":[{"href":"https:\/\/comunidadeeducativa.org\/es\/wp-json\/wp\/v2\/pages"}],"about":[{"href":"https:\/\/comunidadeeducativa.org\/es\/wp-json\/wp\/v2\/types\/page"}],"author":[{"embeddable":true,"href":"https:\/\/comunidadeeducativa.org\/es\/wp-json\/wp\/v2\/users\/1"}],"replies":[{"embeddable":true,"href":"https:\/\/comunidadeeducativa.org\/es\/wp-json\/wp\/v2\/comments?post=1838"}],"version-history":[{"count":5,"href":"https:\/\/comunidadeeducativa.org\/es\/wp-json\/wp\/v2\/pages\/1838\/revisions"}],"predecessor-version":[{"id":1929,"href":"https:\/\/comunidadeeducativa.org\/es\/wp-json\/wp\/v2\/pages\/1838\/revisions\/1929"}],"up":[{"embeddable":true,"href":"https:\/\/comunidadeeducativa.org\/es\/wp-json\/wp\/v2\/pages\/1519"}],"wp:attachment":[{"href":"https:\/\/comunidadeeducativa.org\/es\/wp-json\/wp\/v2\/media?parent=1838"}],"curies":[{"name":"wp","href":"https:\/\/api.w.org\/{rel}","templated":true}]}}