{"id":1939,"date":"2024-03-26T11:26:00","date_gmt":"2024-03-26T11:26:00","guid":{"rendered":"https:\/\/cp2024.bemvindo.co\/?page_id=1939"},"modified":"2024-04-03T18:14:31","modified_gmt":"2024-04-03T18:14:31","slug":"amazonia","status":"publish","type":"page","link":"https:\/\/comunidadeeducativa.org\/es\/aprendizajes\/amazonia\/","title":{"rendered":"Amaz\u00f4nia"},"content":{"rendered":"\n<div class=\"wp-block-stackable-columns stk-block-columns stk-block stk-9ccad09\" data-block-id=\"9ccad09\"><div class=\"stk-row stk-inner-blocks stk-block-content stk-content-align stk-9ccad09-column\">\n<div class=\"wp-block-stackable-column stk-block-column stk-column stk-block stk-8e58e95\" data-v=\"4\" data-block-id=\"8e58e95\"><style>@media screen and (min-width:690px){.stk-8e58e95{flex:1 1 33.3% !important}}<\/style><div class=\"stk-column-wrapper stk-block-column__content stk-container stk-8e58e95-container stk--no-background stk--no-padding\"><div class=\"stk-block-content stk-inner-blocks stk-8e58e95-inner-blocks\">\n<div class=\"wp-block-stackable-table-of-contents stk-block-table-of-contents stk-block stk-aa2d4dc sumario\" data-block-id=\"aa2d4dc\"><style>.stk-aa2d4dc li,.stk-aa2d4dc ul li a,.stk-aa2d4dc ol li a{color:var(--theme-palette-color-2,#FF9F66) !important}.stk-aa2d4dc .stk-table-of-contents__title{font-size:2rem !important;font-weight:700 !important}.stk-aa2d4dc{top:0px !important;position:sticky !important}.stk-aa2d4dc ul{list-style-type:none !important}@media screen and (max-width:999px){.stk-aa2d4dc .stk-table-of-contents__title{font-size:2rem !important}}<\/style><p class=\"stk-table-of-contents__title\">Sum\u00e1rio<\/p><ul class=\"stk-table-of-contents__table has-text-color\"><li><a href=\"#ano-2-unesco-peru-2023-2024\">A\u00f1o 2 \u2013 UNESCO Per\u00fa 2023-2024<\/a><\/li><li><a href=\"#carta-de-advocacy-declaratoria\">Carta de\u00a0advocacy\u00a0sobre Educaci\u00f3n y Amazonia<\/a><\/li><\/ul><\/div>\n<\/div><\/div><\/div>\n\n\n\n<div class=\"wp-block-stackable-column stk-block-column stk-column stk-block stk-39eddf8\" data-v=\"4\" data-block-id=\"39eddf8\"><style>@media screen and (min-width:690px){.stk-39eddf8{flex:1 1 66.7% !important}}<\/style><div class=\"stk-column-wrapper stk-block-column__content stk-container stk-39eddf8-container stk--no-background stk--no-padding\"><div class=\"stk-block-content stk-inner-blocks stk-39eddf8-inner-blocks\">\n<div class=\"wp-block-stackable-heading stk-block-heading stk-block-heading--v2 stk-block stk-1a33e27\" id=\"ano-2-unesco-peru-2023-2024\" data-block-id=\"1a33e27\"><h2 class=\"stk-block-heading__text\">A\u00f1o 2 \u2013 UNESCO Per\u00fa 2023-2024<\/h2><\/div>\n\n\n\n<p>El segundo a\u00f1o de la Comunidad de Pr\u00e1ctica est\u00e1 siendo llevado a cabo por Unesco Per\u00fa en di\u00e1logo con sus socios nacionales y otros en Brasil y Colombia. El enfoque sobre la calidad de la educaci\u00f3n de los ni\u00f1os y adolescentes rurales de los tres pa\u00edses se actualiza en medio de acciones que movilizan asociaciones bilaterales entre los miembros: redacci\u00f3n conjunta de un art\u00edculo, organizaci\u00f3n de un seminario web, visitas a escuelas y proyectos y composici\u00f3n de un grupo de trabajo en conferencia acad\u00e9mica. Seg\u00fan el trabajo realizado por cada socio y sus \u00e1reas de actividad, las colaboraciones internas del grupo se ampl\u00edan y alcanzan a otros especialistas, investigadores, gestores y profesionales de la educaci\u00f3n de la regi\u00f3n.<\/p>\n\n\n\n<div class=\"wp-block-stackable-image stk-block-image stk-block stk-477f470\" data-block-id=\"477f470\"><figure><span class=\"stk-img-wrapper stk-image--shape-stretch\"><img decoding=\"async\" class=\"stk-img wp-image-1871 lazyload\" data-src=\"http:\/\/comunidadeeducativa.org\/wp-content\/uploads\/2024\/03\/Horizontes_Amazonas-1-scaled.jpg\" width=\"2560\" height=\"1707\" data-srcset=\"https:\/\/comunidadeeducativa.org\/wp-content\/uploads\/2024\/03\/Horizontes_Amazonas-1-scaled.jpg 2560w, https:\/\/comunidadeeducativa.org\/wp-content\/uploads\/2024\/03\/Horizontes_Amazonas-1-300x200.jpg 300w, https:\/\/comunidadeeducativa.org\/wp-content\/uploads\/2024\/03\/Horizontes_Amazonas-1-1024x683.jpg 1024w, https:\/\/comunidadeeducativa.org\/wp-content\/uploads\/2024\/03\/Horizontes_Amazonas-1-768x512.jpg 768w, https:\/\/comunidadeeducativa.org\/wp-content\/uploads\/2024\/03\/Horizontes_Amazonas-1-1536x1024.jpg 1536w, https:\/\/comunidadeeducativa.org\/wp-content\/uploads\/2024\/03\/Horizontes_Amazonas-1-2048x1365.jpg 2048w\" data-sizes=\"auto, (max-width: 2560px) 100vw, 2560px\" src=\"data:image\/gif;base64,R0lGODlhAQABAAAAACH5BAEKAAEALAAAAAABAAEAAAICTAEAOw==\" style=\"--smush-placeholder-width: 2560px; --smush-placeholder-aspect-ratio: 2560\/1707;\" \/><\/span><\/figure><\/div>\n\n\n\n<div class=\"wp-block-stackable-spacer stk-block-spacer stk--no-padding stk-block stk-a7c02e8\" data-block-id=\"a7c02e8\"><\/div>\n\n\n\n<div class=\"wp-block-stackable-image stk-block-image stk-block stk-878d7a9\" data-block-id=\"878d7a9\"><style>.stk-878d7a9{margin-bottom:0px !important}.stk-878d7a9 .stk-img-wrapper{width:400px !important}<\/style><figure><span class=\"stk-img-wrapper stk-image--shape-stretch\"><img decoding=\"async\" class=\"stk-img wp-image-1189 lazyload\" data-src=\"http:\/\/comunidadeeducativa.org\/wp-content\/uploads\/2024\/03\/Forma-01-Verde-claro.svg\" width=\"400\" height=\"300\" src=\"data:image\/gif;base64,R0lGODlhAQABAAAAACH5BAEKAAEALAAAAAABAAEAAAICTAEAOw==\" style=\"--smush-placeholder-width: 400px; --smush-placeholder-aspect-ratio: 400\/300;\" \/><\/span><\/figure><\/div>\n\n\n\n<div class=\"wp-block-stackable-spacer stk-block-spacer stk--no-padding stk-block stk-c74fa32\" data-block-id=\"c74fa32\"><\/div>\n\n\n\n<h2 class=\"wp-block-heading\" id=\"carta-de-advocacy-declaratoria\">Carta de\u00a0<em>advocacy<\/em>\u00a0sobre Educaci\u00f3n y Amazonia<\/h2>\n\n\n\n<p>La cumbre Amaz\u00f3nica, ocurrida en Bel\u00e9m do Par\u00e1 entre 7 y 8 de agosto de 2023 fue un marco pol\u00edtico de impacto para el posicionamiento del tema de la educaci\u00f3n rural en los pa\u00edses de la cuenca amaz\u00f3nica, aprovechando la reuni\u00f3n de los presidentes de 8 pa\u00edses. Los socios de la Comunidad de Pr\u00e1ctica unieron esfuerzos para citar y analizar los principales puntos sobre el derecho a la educaci\u00f3n. Los intereses comunes convergieron para la escrita colectiva de la Declaratoria que adem\u00e1s de estar siendo divulgada en nuestra p\u00e1gina, tambi\u00e9n ha sido publicadas en los diferentes sites de los socios.<\/p>\n\n\n\n<div class=\"wp-block-stackable-button-group stk-block-button-group stk-block stk-14473ed\" data-block-id=\"14473ed\"><div class=\"stk-row stk-inner-blocks stk-block-content stk-button-group\">\n<div class=\"wp-block-stackable-button stk-block-button is-style-ghost stk-block stk-341f474\" data-block-id=\"341f474\"><style>.stk-341f474 .stk-button{background:transparent !important}.stk-341f474 .stk-button:hover:after{background:transparent !important;opacity:1 !important}:where(.stk-hover-parent:hover,.stk-hover-parent.stk--is-hovered) .stk-341f474 .stk-button:after{background:transparent !important;opacity:1 !important}.stk-341f474 .stk-button:before{border-style:solid !important}.stk-341f474 .stk-button__inner-text{font-weight:700 !important}<\/style><a class=\"stk-link stk-button stk--hover-effect-darken\" href=\"https:\/\/docs.google.com\/document\/d\/157NznQQgJD9ywMfJjibRxgKmwTMEzKaqttl-Woo0SMs\/edit\" target=\"_blank\" rel=\"noreferrer noopener\"><span class=\"stk-button__inner-text\">Carta de <em>advocacy<\/em> (ES)<\/span><span class=\"stk--svg-wrapper\"><div class=\"stk--inner-svg\"><svg xmlns=\"http:\/\/www.w3.org\/2000\/svg\" viewBox=\"0 0 448 512\" aria-hidden=\"true\" width=\"32\" height=\"32\"><path d=\"M438.6 278.6c12.5-12.5 12.5-32.8 0-45.3l-160-160c-12.5-12.5-32.8-12.5-45.3 0s-12.5 32.8 0 45.3L338.8 224 32 224c-17.7 0-32 14.3-32 32s14.3 32 32 32l306.7 0L233.4 393.4c-12.5 12.5-12.5 32.8 0 45.3s32.8 12.5 45.3 0l160-160z\"><\/path><\/svg><\/div><\/span><\/a><\/div>\n\n\n\n<div class=\"wp-block-stackable-button stk-block-button is-style-ghost stk-block stk-9d7ce0f\" data-block-id=\"9d7ce0f\"><style>.stk-9d7ce0f .stk-button{background:transparent !important}.stk-9d7ce0f .stk-button:hover:after{background:transparent !important;opacity:1 !important}:where(.stk-hover-parent:hover,.stk-hover-parent.stk--is-hovered) .stk-9d7ce0f .stk-button:after{background:transparent !important;opacity:1 !important}.stk-9d7ce0f .stk-button:before{border-style:solid !important}.stk-9d7ce0f .stk-button__inner-text{font-weight:700 !important}<\/style><a class=\"stk-link stk-button stk--hover-effect-darken\" href=\"https:\/\/docs.google.com\/document\/d\/1xMk6grbB0Irixw15dPZjOp3a4nvB4ILhxSdJTJNyucw\/edit\" target=\"_blank\" rel=\"noreferrer noopener\"><span class=\"stk-button__inner-text\">An\u00e1lisis de la Declaratoria de Bel\u00e9m<\/span><span class=\"stk--svg-wrapper\"><div class=\"stk--inner-svg\"><svg xmlns=\"http:\/\/www.w3.org\/2000\/svg\" viewBox=\"0 0 448 512\" aria-hidden=\"true\" width=\"32\" height=\"32\"><path d=\"M438.6 278.6c12.5-12.5 12.5-32.8 0-45.3l-160-160c-12.5-12.5-32.8-12.5-45.3 0s-12.5 32.8 0 45.3L338.8 224 32 224c-17.7 0-32 14.3-32 32s14.3 32 32 32l306.7 0L233.4 393.4c-12.5 12.5-12.5 32.8 0 45.3s32.8 12.5 45.3 0l160-160z\"><\/path><\/svg><\/div><\/span><\/a><\/div>\n<\/div><\/div>\n<\/div><\/div><\/div>\n<\/div><\/div>\n","protected":false},"excerpt":{"rendered":"<p>Sum\u00e1rio A\u00f1o 2 \u2013 UNESCO Per\u00fa 2023-2024 Carta de\u00a0advocacy\u00a0sobre Educaci\u00f3n y Amazonia A\u00f1o 2 \u2013 UNESCO Per\u00fa 2023-2024 El segundo a\u00f1o de la Comunidad de Pr\u00e1ctica est\u00e1 siendo llevado a cabo por Unesco Per\u00fa en di\u00e1logo con sus socios nacionales y otros en Brasil y Colombia. El enfoque sobre la calidad de la educaci\u00f3n de [&hellip;]<\/p>\n","protected":false},"author":1,"featured_media":0,"parent":1519,"menu_order":0,"comment_status":"closed","ping_status":"closed","template":"","meta":{"_eb_attr":"","inline_featured_image":false,"footnotes":""},"class_list":["post-1939","page","type-page","status-publish","hentry"],"blocksy_meta":[],"yoast_head":"<!-- This site is optimized with the Yoast SEO plugin v24.7 - https:\/\/yoast.com\/wordpress\/plugins\/seo\/ -->\n<title>Amaz\u00f4nia - Comunidade de Pr\u00e1tica<\/title>\n<meta name=\"robots\" content=\"index, follow, max-snippet:-1, max-image-preview:large, max-video-preview:-1\" \/>\n<link rel=\"canonical\" href=\"https:\/\/comunidadeeducativa.org\/aprendizados\/amazonia\/\" \/>\n<meta property=\"og:locale\" content=\"es_ES\" \/>\n<meta property=\"og:type\" content=\"article\" \/>\n<meta property=\"og:title\" content=\"Amaz\u00f4nia - Comunidade de Pr\u00e1tica\" \/>\n<meta property=\"og:description\" content=\"Sum\u00e1rio A\u00f1o 2 \u2013 UNESCO Per\u00fa 2023-2024 Carta de\u00a0advocacy\u00a0sobre Educaci\u00f3n y Amazonia A\u00f1o 2 \u2013 UNESCO Per\u00fa 2023-2024 El segundo a\u00f1o de la Comunidad de Pr\u00e1ctica est\u00e1 siendo llevado a cabo por Unesco Per\u00fa en di\u00e1logo con sus socios nacionales y otros en Brasil y Colombia. El enfoque sobre la calidad de la educaci\u00f3n de [&hellip;]\" \/>\n<meta property=\"og:url\" content=\"https:\/\/comunidadeeducativa.org\/aprendizados\/amazonia\/\" \/>\n<meta property=\"og:site_name\" content=\"Comunidade de Pr\u00e1tica\" \/>\n<meta property=\"article:modified_time\" content=\"2024-04-03T18:14:31+00:00\" \/>\n<meta property=\"og:image\" content=\"http:\/\/comunidadeeducativa.org\/wp-content\/uploads\/2024\/03\/Horizontes_Amazonas-1-scaled.jpg\" \/>\n<meta name=\"twitter:card\" content=\"summary_large_image\" \/>\n<meta name=\"twitter:label1\" content=\"Tiempo de lectura\" \/>\n\t<meta name=\"twitter:data1\" content=\"1 minuto\" \/>\n<script type=\"application\/ld+json\" class=\"yoast-schema-graph\">{\"@context\":\"https:\/\/schema.org\",\"@graph\":[{\"@type\":\"WebPage\",\"@id\":\"https:\/\/comunidadeeducativa.org\/aprendizados\/amazonia\/\",\"url\":\"https:\/\/comunidadeeducativa.org\/aprendizados\/amazonia\/\",\"name\":\"Amaz\u00f4nia - Comunidade de Pr\u00e1tica\",\"isPartOf\":{\"@id\":\"https:\/\/comunidadeeducativa.org\/#website\"},\"primaryImageOfPage\":{\"@id\":\"https:\/\/comunidadeeducativa.org\/aprendizados\/amazonia\/#primaryimage\"},\"image\":{\"@id\":\"https:\/\/comunidadeeducativa.org\/aprendizados\/amazonia\/#primaryimage\"},\"thumbnailUrl\":\"http:\/\/comunidadeeducativa.org\/wp-content\/uploads\/2024\/03\/Horizontes_Amazonas-1-scaled.jpg\",\"datePublished\":\"2024-03-26T11:26:00+00:00\",\"dateModified\":\"2024-04-03T18:14:31+00:00\",\"breadcrumb\":{\"@id\":\"https:\/\/comunidadeeducativa.org\/aprendizados\/amazonia\/#breadcrumb\"},\"inLanguage\":\"es\",\"potentialAction\":[{\"@type\":\"ReadAction\",\"target\":[\"https:\/\/comunidadeeducativa.org\/aprendizados\/amazonia\/\"]}]},{\"@type\":\"ImageObject\",\"inLanguage\":\"es\",\"@id\":\"https:\/\/comunidadeeducativa.org\/aprendizados\/amazonia\/#primaryimage\",\"url\":\"http:\/\/comunidadeeducativa.org\/wp-content\/uploads\/2024\/03\/Horizontes_Amazonas-1-scaled.jpg\",\"contentUrl\":\"http:\/\/comunidadeeducativa.org\/wp-content\/uploads\/2024\/03\/Horizontes_Amazonas-1-scaled.jpg\"},{\"@type\":\"BreadcrumbList\",\"@id\":\"https:\/\/comunidadeeducativa.org\/aprendizados\/amazonia\/#breadcrumb\",\"itemListElement\":[{\"@type\":\"ListItem\",\"position\":1,\"name\":\"In\u00edcio\",\"item\":\"https:\/\/comunidadeeducativa.org\/es\/\"},{\"@type\":\"ListItem\",\"position\":2,\"name\":\"Aprendizajes\",\"item\":\"https:\/\/comunidadeeducativa.org\/es\/aprendizajes\/\"},{\"@type\":\"ListItem\",\"position\":3,\"name\":\"Amaz\u00f4nia\"}]},{\"@type\":\"WebSite\",\"@id\":\"https:\/\/comunidadeeducativa.org\/#website\",\"url\":\"https:\/\/comunidadeeducativa.org\/\",\"name\":\"Comunidade de Pr\u00e1tica\",\"description\":\"Desenvolvimento Integral e Educa\u00e7\u00e3o Intercultural na Am\u00e9rica Latina\",\"publisher\":{\"@id\":\"https:\/\/comunidadeeducativa.org\/#organization\"},\"potentialAction\":[{\"@type\":\"SearchAction\",\"target\":{\"@type\":\"EntryPoint\",\"urlTemplate\":\"https:\/\/comunidadeeducativa.org\/?s={search_term_string}\"},\"query-input\":{\"@type\":\"PropertyValueSpecification\",\"valueRequired\":true,\"valueName\":\"search_term_string\"}}],\"inLanguage\":\"es\"},{\"@type\":\"Organization\",\"@id\":\"https:\/\/comunidadeeducativa.org\/#organization\",\"name\":\"Comunidade de Pr\u00e1tica\",\"url\":\"https:\/\/comunidadeeducativa.org\/\",\"logo\":{\"@type\":\"ImageObject\",\"inLanguage\":\"es\",\"@id\":\"https:\/\/comunidadeeducativa.org\/#\/schema\/logo\/image\/\",\"url\":\"http:\/\/comunidadeeducativa.org\/wp-content\/uploads\/2024\/03\/LogoPT-Mata.svg\",\"contentUrl\":\"http:\/\/comunidadeeducativa.org\/wp-content\/uploads\/2024\/03\/LogoPT-Mata.svg\",\"width\":896,\"height\":338,\"caption\":\"Comunidade de Pr\u00e1tica\"},\"image\":{\"@id\":\"https:\/\/comunidadeeducativa.org\/#\/schema\/logo\/image\/\"}}]}<\/script>\n<!-- \/ Yoast SEO plugin. -->","yoast_head_json":{"title":"Amaz\u00f4nia - Comunidade de Pr\u00e1tica","robots":{"index":"index","follow":"follow","max-snippet":"max-snippet:-1","max-image-preview":"max-image-preview:large","max-video-preview":"max-video-preview:-1"},"canonical":"https:\/\/comunidadeeducativa.org\/aprendizados\/amazonia\/","og_locale":"es_ES","og_type":"article","og_title":"Amaz\u00f4nia - Comunidade de Pr\u00e1tica","og_description":"Sum\u00e1rio A\u00f1o 2 \u2013 UNESCO Per\u00fa 2023-2024 Carta de\u00a0advocacy\u00a0sobre Educaci\u00f3n y Amazonia A\u00f1o 2 \u2013 UNESCO Per\u00fa 2023-2024 El segundo a\u00f1o de la Comunidad de Pr\u00e1ctica est\u00e1 siendo llevado a cabo por Unesco Per\u00fa en di\u00e1logo con sus socios nacionales y otros en Brasil y Colombia. El enfoque sobre la calidad de la educaci\u00f3n de [&hellip;]","og_url":"https:\/\/comunidadeeducativa.org\/aprendizados\/amazonia\/","og_site_name":"Comunidade de Pr\u00e1tica","article_modified_time":"2024-04-03T18:14:31+00:00","og_image":[{"url":"http:\/\/comunidadeeducativa.org\/wp-content\/uploads\/2024\/03\/Horizontes_Amazonas-1-scaled.jpg","type":"","width":"","height":""}],"twitter_card":"summary_large_image","twitter_misc":{"Tiempo de lectura":"1 minuto"},"schema":{"@context":"https:\/\/schema.org","@graph":[{"@type":"WebPage","@id":"https:\/\/comunidadeeducativa.org\/aprendizados\/amazonia\/","url":"https:\/\/comunidadeeducativa.org\/aprendizados\/amazonia\/","name":"Amaz\u00f4nia - Comunidade de Pr\u00e1tica","isPartOf":{"@id":"https:\/\/comunidadeeducativa.org\/#website"},"primaryImageOfPage":{"@id":"https:\/\/comunidadeeducativa.org\/aprendizados\/amazonia\/#primaryimage"},"image":{"@id":"https:\/\/comunidadeeducativa.org\/aprendizados\/amazonia\/#primaryimage"},"thumbnailUrl":"http:\/\/comunidadeeducativa.org\/wp-content\/uploads\/2024\/03\/Horizontes_Amazonas-1-scaled.jpg","datePublished":"2024-03-26T11:26:00+00:00","dateModified":"2024-04-03T18:14:31+00:00","breadcrumb":{"@id":"https:\/\/comunidadeeducativa.org\/aprendizados\/amazonia\/#breadcrumb"},"inLanguage":"es","potentialAction":[{"@type":"ReadAction","target":["https:\/\/comunidadeeducativa.org\/aprendizados\/amazonia\/"]}]},{"@type":"ImageObject","inLanguage":"es","@id":"https:\/\/comunidadeeducativa.org\/aprendizados\/amazonia\/#primaryimage","url":"http:\/\/comunidadeeducativa.org\/wp-content\/uploads\/2024\/03\/Horizontes_Amazonas-1-scaled.jpg","contentUrl":"http:\/\/comunidadeeducativa.org\/wp-content\/uploads\/2024\/03\/Horizontes_Amazonas-1-scaled.jpg"},{"@type":"BreadcrumbList","@id":"https:\/\/comunidadeeducativa.org\/aprendizados\/amazonia\/#breadcrumb","itemListElement":[{"@type":"ListItem","position":1,"name":"In\u00edcio","item":"https:\/\/comunidadeeducativa.org\/es\/"},{"@type":"ListItem","position":2,"name":"Aprendizajes","item":"https:\/\/comunidadeeducativa.org\/es\/aprendizajes\/"},{"@type":"ListItem","position":3,"name":"Amaz\u00f4nia"}]},{"@type":"WebSite","@id":"https:\/\/comunidadeeducativa.org\/#website","url":"https:\/\/comunidadeeducativa.org\/","name":"Comunidade de Pr\u00e1tica","description":"Desenvolvimento Integral e Educa\u00e7\u00e3o Intercultural na Am\u00e9rica Latina","publisher":{"@id":"https:\/\/comunidadeeducativa.org\/#organization"},"potentialAction":[{"@type":"SearchAction","target":{"@type":"EntryPoint","urlTemplate":"https:\/\/comunidadeeducativa.org\/?s={search_term_string}"},"query-input":{"@type":"PropertyValueSpecification","valueRequired":true,"valueName":"search_term_string"}}],"inLanguage":"es"},{"@type":"Organization","@id":"https:\/\/comunidadeeducativa.org\/#organization","name":"Comunidade de Pr\u00e1tica","url":"https:\/\/comunidadeeducativa.org\/","logo":{"@type":"ImageObject","inLanguage":"es","@id":"https:\/\/comunidadeeducativa.org\/#\/schema\/logo\/image\/","url":"http:\/\/comunidadeeducativa.org\/wp-content\/uploads\/2024\/03\/LogoPT-Mata.svg","contentUrl":"http:\/\/comunidadeeducativa.org\/wp-content\/uploads\/2024\/03\/LogoPT-Mata.svg","width":896,"height":338,"caption":"Comunidade de Pr\u00e1tica"},"image":{"@id":"https:\/\/comunidadeeducativa.org\/#\/schema\/logo\/image\/"}}]}},"_links":{"self":[{"href":"https:\/\/comunidadeeducativa.org\/es\/wp-json\/wp\/v2\/pages\/1939","targetHints":{"allow":["GET"]}}],"collection":[{"href":"https:\/\/comunidadeeducativa.org\/es\/wp-json\/wp\/v2\/pages"}],"about":[{"href":"https:\/\/comunidadeeducativa.org\/es\/wp-json\/wp\/v2\/types\/page"}],"author":[{"embeddable":true,"href":"https:\/\/comunidadeeducativa.org\/es\/wp-json\/wp\/v2\/users\/1"}],"replies":[{"embeddable":true,"href":"https:\/\/comunidadeeducativa.org\/es\/wp-json\/wp\/v2\/comments?post=1939"}],"version-history":[{"count":3,"href":"https:\/\/comunidadeeducativa.org\/es\/wp-json\/wp\/v2\/pages\/1939\/revisions"}],"predecessor-version":[{"id":1943,"href":"https:\/\/comunidadeeducativa.org\/es\/wp-json\/wp\/v2\/pages\/1939\/revisions\/1943"}],"up":[{"embeddable":true,"href":"https:\/\/comunidadeeducativa.org\/es\/wp-json\/wp\/v2\/pages\/1519"}],"wp:attachment":[{"href":"https:\/\/comunidadeeducativa.org\/es\/wp-json\/wp\/v2\/media?parent=1939"}],"curies":[{"name":"wp","href":"https:\/\/api.w.org\/{rel}","templated":true}]}}