{"id":1961,"date":"2024-03-26T11:25:36","date_gmt":"2024-03-26T11:25:36","guid":{"rendered":"https:\/\/cp2024.bemvindo.co\/aprendizajes\/repositorio\/"},"modified":"2024-04-09T13:51:46","modified_gmt":"2024-04-09T13:51:46","slug":"repositorio","status":"publish","type":"page","link":"https:\/\/comunidadeeducativa.org\/es\/aprendizajes\/repositorio\/","title":{"rendered":"Repositorio"},"content":{"rendered":"\n<p>Cada organizaci\u00f3n que forma parte de la Comunidad de Pr\u00e1ctica tiene su historia de trabajo con comunidades rurales en el \u00e1rea de la educaci\u00f3n en Latinoam\u00e9rica. El material producido se ha convertido en una referencia para las reuniones y debates del grupo. Se archivaron en el Repositorio los documentos y enlaces a los materiales compartidos entre los socios durante las reuniones.<\/p>\n\n\n\n<div class=\"wp-block-stackable-columns alignwide stk-block-columns stk-block stk-10d9c37\" data-block-id=\"10d9c37\"><div class=\"stk-row stk-inner-blocks stk-block-content stk-content-align stk-10d9c37-column alignwide\">\n<div class=\"wp-block-stackable-column stk-block-column stk-column stk-block stk-23ff6c8\" data-v=\"4\" data-block-id=\"23ff6c8\"><div class=\"stk-column-wrapper stk-block-column__content stk-container stk-23ff6c8-container stk--no-background stk--no-padding\"><div class=\"stk-block-content stk-inner-blocks stk-23ff6c8-inner-blocks\">\n<iframe class=\"airtable-embed lazyload\" data-src=\"https:\/\/airtable.com\/embed\/appuelyrcJEcpmtYb\/shrUxclGbcS0ENW07?backgroundColor=green&#038;viewControls=on\" frameborder=\"0\" onmousewheel=\"\" width=\"100%\" height=\"680\" style=\"background: transparent; border: 1px solid #ccc;\" src=\"data:image\/gif;base64,R0lGODlhAQABAAAAACH5BAEKAAEALAAAAAABAAEAAAICTAEAOw==\" data-load-mode=\"1\"><\/iframe>\n<\/div><\/div><\/div>\n<\/div><\/div>\n","protected":false},"excerpt":{"rendered":"<p>Cada organizaci\u00f3n que forma parte de la Comunidad de Pr\u00e1ctica tiene su historia de trabajo con comunidades rurales en el \u00e1rea de la educaci\u00f3n en Latinoam\u00e9rica. El material producido se ha convertido en una referencia para las reuniones y debates del grupo. Se archivaron en el Repositorio los documentos y enlaces a los materiales compartidos [&hellip;]<\/p>\n","protected":false},"author":1,"featured_media":0,"parent":1519,"menu_order":0,"comment_status":"closed","ping_status":"closed","template":"","meta":{"_eb_attr":"","inline_featured_image":false,"footnotes":""},"class_list":["post-1961","page","type-page","status-publish","hentry"],"blocksy_meta":{"page_structure_type":"type-3","styles_descriptor":{"styles":{"desktop":"","tablet":"","mobile":""},"google_fonts":[],"version":6}},"yoast_head":"<!-- This site is optimized with the Yoast SEO plugin v24.7 - https:\/\/yoast.com\/wordpress\/plugins\/seo\/ -->\n<title>Repositorio - Comunidade de Pr\u00e1tica<\/title>\n<meta name=\"robots\" content=\"index, follow, max-snippet:-1, max-image-preview:large, max-video-preview:-1\" \/>\n<link rel=\"canonical\" href=\"https:\/\/comunidadeeducativa.org\/aprendizados\/repositorio\/\" \/>\n<meta property=\"og:locale\" content=\"es_ES\" \/>\n<meta property=\"og:type\" content=\"article\" \/>\n<meta property=\"og:title\" content=\"Repositorio - Comunidade de Pr\u00e1tica\" \/>\n<meta property=\"og:description\" content=\"Cada organizaci\u00f3n que forma parte de la Comunidad de Pr\u00e1ctica tiene su historia de trabajo con comunidades rurales en el \u00e1rea de la educaci\u00f3n en Latinoam\u00e9rica. El material producido se ha convertido en una referencia para las reuniones y debates del grupo. Se archivaron en el Repositorio los documentos y enlaces a los materiales compartidos [&hellip;]\" \/>\n<meta property=\"og:url\" content=\"https:\/\/comunidadeeducativa.org\/aprendizados\/repositorio\/\" \/>\n<meta property=\"og:site_name\" content=\"Comunidade de Pr\u00e1tica\" \/>\n<meta property=\"article:modified_time\" content=\"2024-04-09T13:51:46+00:00\" \/>\n<meta name=\"twitter:card\" content=\"summary_large_image\" \/>\n<script type=\"application\/ld+json\" class=\"yoast-schema-graph\">{\"@context\":\"https:\/\/schema.org\",\"@graph\":[{\"@type\":\"WebPage\",\"@id\":\"https:\/\/comunidadeeducativa.org\/aprendizados\/repositorio\/\",\"url\":\"https:\/\/comunidadeeducativa.org\/aprendizados\/repositorio\/\",\"name\":\"Repositorio - Comunidade de Pr\u00e1tica\",\"isPartOf\":{\"@id\":\"https:\/\/comunidadeeducativa.org\/#website\"},\"datePublished\":\"2024-03-26T11:25:36+00:00\",\"dateModified\":\"2024-04-09T13:51:46+00:00\",\"breadcrumb\":{\"@id\":\"https:\/\/comunidadeeducativa.org\/aprendizados\/repositorio\/#breadcrumb\"},\"inLanguage\":\"es\",\"potentialAction\":[{\"@type\":\"ReadAction\",\"target\":[\"https:\/\/comunidadeeducativa.org\/aprendizados\/repositorio\/\"]}]},{\"@type\":\"BreadcrumbList\",\"@id\":\"https:\/\/comunidadeeducativa.org\/aprendizados\/repositorio\/#breadcrumb\",\"itemListElement\":[{\"@type\":\"ListItem\",\"position\":1,\"name\":\"In\u00edcio\",\"item\":\"https:\/\/comunidadeeducativa.org\/es\/\"},{\"@type\":\"ListItem\",\"position\":2,\"name\":\"Aprendizajes\",\"item\":\"https:\/\/comunidadeeducativa.org\/es\/aprendizajes\/\"},{\"@type\":\"ListItem\",\"position\":3,\"name\":\"Repositorio\"}]},{\"@type\":\"WebSite\",\"@id\":\"https:\/\/comunidadeeducativa.org\/#website\",\"url\":\"https:\/\/comunidadeeducativa.org\/\",\"name\":\"Comunidade de Pr\u00e1tica\",\"description\":\"Desenvolvimento Integral e Educa\u00e7\u00e3o Intercultural na Am\u00e9rica Latina\",\"publisher\":{\"@id\":\"https:\/\/comunidadeeducativa.org\/#organization\"},\"potentialAction\":[{\"@type\":\"SearchAction\",\"target\":{\"@type\":\"EntryPoint\",\"urlTemplate\":\"https:\/\/comunidadeeducativa.org\/?s={search_term_string}\"},\"query-input\":{\"@type\":\"PropertyValueSpecification\",\"valueRequired\":true,\"valueName\":\"search_term_string\"}}],\"inLanguage\":\"es\"},{\"@type\":\"Organization\",\"@id\":\"https:\/\/comunidadeeducativa.org\/#organization\",\"name\":\"Comunidade de Pr\u00e1tica\",\"url\":\"https:\/\/comunidadeeducativa.org\/\",\"logo\":{\"@type\":\"ImageObject\",\"inLanguage\":\"es\",\"@id\":\"https:\/\/comunidadeeducativa.org\/#\/schema\/logo\/image\/\",\"url\":\"http:\/\/comunidadeeducativa.org\/wp-content\/uploads\/2024\/03\/LogoPT-Mata.svg\",\"contentUrl\":\"http:\/\/comunidadeeducativa.org\/wp-content\/uploads\/2024\/03\/LogoPT-Mata.svg\",\"width\":896,\"height\":338,\"caption\":\"Comunidade de Pr\u00e1tica\"},\"image\":{\"@id\":\"https:\/\/comunidadeeducativa.org\/#\/schema\/logo\/image\/\"}}]}<\/script>\n<!-- \/ Yoast SEO plugin. -->","yoast_head_json":{"title":"Repositorio - Comunidade de Pr\u00e1tica","robots":{"index":"index","follow":"follow","max-snippet":"max-snippet:-1","max-image-preview":"max-image-preview:large","max-video-preview":"max-video-preview:-1"},"canonical":"https:\/\/comunidadeeducativa.org\/aprendizados\/repositorio\/","og_locale":"es_ES","og_type":"article","og_title":"Repositorio - Comunidade de Pr\u00e1tica","og_description":"Cada organizaci\u00f3n que forma parte de la Comunidad de Pr\u00e1ctica tiene su historia de trabajo con comunidades rurales en el \u00e1rea de la educaci\u00f3n en Latinoam\u00e9rica. El material producido se ha convertido en una referencia para las reuniones y debates del grupo. Se archivaron en el Repositorio los documentos y enlaces a los materiales compartidos [&hellip;]","og_url":"https:\/\/comunidadeeducativa.org\/aprendizados\/repositorio\/","og_site_name":"Comunidade de Pr\u00e1tica","article_modified_time":"2024-04-09T13:51:46+00:00","twitter_card":"summary_large_image","schema":{"@context":"https:\/\/schema.org","@graph":[{"@type":"WebPage","@id":"https:\/\/comunidadeeducativa.org\/aprendizados\/repositorio\/","url":"https:\/\/comunidadeeducativa.org\/aprendizados\/repositorio\/","name":"Repositorio - Comunidade de Pr\u00e1tica","isPartOf":{"@id":"https:\/\/comunidadeeducativa.org\/#website"},"datePublished":"2024-03-26T11:25:36+00:00","dateModified":"2024-04-09T13:51:46+00:00","breadcrumb":{"@id":"https:\/\/comunidadeeducativa.org\/aprendizados\/repositorio\/#breadcrumb"},"inLanguage":"es","potentialAction":[{"@type":"ReadAction","target":["https:\/\/comunidadeeducativa.org\/aprendizados\/repositorio\/"]}]},{"@type":"BreadcrumbList","@id":"https:\/\/comunidadeeducativa.org\/aprendizados\/repositorio\/#breadcrumb","itemListElement":[{"@type":"ListItem","position":1,"name":"In\u00edcio","item":"https:\/\/comunidadeeducativa.org\/es\/"},{"@type":"ListItem","position":2,"name":"Aprendizajes","item":"https:\/\/comunidadeeducativa.org\/es\/aprendizajes\/"},{"@type":"ListItem","position":3,"name":"Repositorio"}]},{"@type":"WebSite","@id":"https:\/\/comunidadeeducativa.org\/#website","url":"https:\/\/comunidadeeducativa.org\/","name":"Comunidade de Pr\u00e1tica","description":"Desenvolvimento Integral e Educa\u00e7\u00e3o Intercultural na Am\u00e9rica Latina","publisher":{"@id":"https:\/\/comunidadeeducativa.org\/#organization"},"potentialAction":[{"@type":"SearchAction","target":{"@type":"EntryPoint","urlTemplate":"https:\/\/comunidadeeducativa.org\/?s={search_term_string}"},"query-input":{"@type":"PropertyValueSpecification","valueRequired":true,"valueName":"search_term_string"}}],"inLanguage":"es"},{"@type":"Organization","@id":"https:\/\/comunidadeeducativa.org\/#organization","name":"Comunidade de Pr\u00e1tica","url":"https:\/\/comunidadeeducativa.org\/","logo":{"@type":"ImageObject","inLanguage":"es","@id":"https:\/\/comunidadeeducativa.org\/#\/schema\/logo\/image\/","url":"http:\/\/comunidadeeducativa.org\/wp-content\/uploads\/2024\/03\/LogoPT-Mata.svg","contentUrl":"http:\/\/comunidadeeducativa.org\/wp-content\/uploads\/2024\/03\/LogoPT-Mata.svg","width":896,"height":338,"caption":"Comunidade de Pr\u00e1tica"},"image":{"@id":"https:\/\/comunidadeeducativa.org\/#\/schema\/logo\/image\/"}}]}},"_links":{"self":[{"href":"https:\/\/comunidadeeducativa.org\/es\/wp-json\/wp\/v2\/pages\/1961","targetHints":{"allow":["GET"]}}],"collection":[{"href":"https:\/\/comunidadeeducativa.org\/es\/wp-json\/wp\/v2\/pages"}],"about":[{"href":"https:\/\/comunidadeeducativa.org\/es\/wp-json\/wp\/v2\/types\/page"}],"author":[{"embeddable":true,"href":"https:\/\/comunidadeeducativa.org\/es\/wp-json\/wp\/v2\/users\/1"}],"replies":[{"embeddable":true,"href":"https:\/\/comunidadeeducativa.org\/es\/wp-json\/wp\/v2\/comments?post=1961"}],"version-history":[{"count":2,"href":"https:\/\/comunidadeeducativa.org\/es\/wp-json\/wp\/v2\/pages\/1961\/revisions"}],"predecessor-version":[{"id":1980,"href":"https:\/\/comunidadeeducativa.org\/es\/wp-json\/wp\/v2\/pages\/1961\/revisions\/1980"}],"up":[{"embeddable":true,"href":"https:\/\/comunidadeeducativa.org\/es\/wp-json\/wp\/v2\/pages\/1519"}],"wp:attachment":[{"href":"https:\/\/comunidadeeducativa.org\/es\/wp-json\/wp\/v2\/media?parent=1961"}],"curies":[{"name":"wp","href":"https:\/\/api.w.org\/{rel}","templated":true}]}}